{"id":238463,"date":"2024-09-12T07:23:47","date_gmt":"2024-09-12T05:23:47","guid":{"rendered":"http:\/\/staging.laboklin.com\/labogen\/labogen_wp\/camarillo-white-w4"},"modified":"2024-09-12T07:23:47","modified_gmt":"2024-09-12T05:23:47","slug":"camarillo-white-w4","status":"publish","type":"page","link":"https:\/\/staging.laboklin.com\/labogen\/labogen_wp\/index.php\/farbe-haarlaenge-haarstruktur-pferd\/camarillo-white-w4\/","title":{"rendered":"Camarillo White &#8211; W4"},"content":{"rendered":"<div class=\"wrap-top\"><div class=\"wrap-left\"><h1 class=\"header-1\">Camarillo White - W4*<\/h1><h4><strong>General description<\/strong><\/h4><p class=\"bodytext\">Bei der Mutation W4 im KIT-Gen handelt es sich um eine Mutation, die zur\u00fcck geht auf den Hengst \"Sultan\" und ein dominantes wei\u00df verursacht. Der Genotyp W4\/W4 konnte bislang nicht nachgewiesen werden. Dies deutet darauf hin, dass homozygote Pferde nicht lebensf\u00e4hig sind <\/p><h4 class=\"header-4\"><strong><span>Breeds<\/span><\/strong><\/h4><p>Quarter Horse<\/p><\/div><div class=\"wrap-right\"><div class=\"wrap-toggle\"><div class=\"toggle-details\"><details><summary class=\"summary-details\">Order details<\/summary><table border=\"0\"><tr><td width=\"45%\"><span><strong>Test number<\/strong><\/span><\/td><td>8463<\/td><\/tr><tr><td><strong>Sample material<\/strong><\/td><td>M\u00e4hnen-\/Schweifhaare<\/td><\/tr><tr><td><strong>Test duration<\/strong><\/td><td>21-28 Werktage<\/td><\/tr><\/table><\/details><details><summary class=\"summary-specs\">Test specifications<\/summary><table border=\"0\"><tr><td width=\"45%\"><strong>Literature<\/strong><\/td><td><a href='https:\/\/www.omia.org\/OMIA000209\/9796\/' target='_blank'>OMIA:000209-9796<\/a><\/td><\/tr><\/table><\/details><\/div><div class=\"order-now\"><strong><a href=\"https:\/\/shop.labogen.com\">Order now ...<\/a><\/strong><\/div><\/div><\/div><div class=\"clear-both\"><\/div><\/div><div class=\"wrap-detailed\"><details><summary class=\"detail-summary\">Detailed description<\/summary><p class=\"detailed\">Bei der Mutation W4 im KIT-Gen handelt es sich um eine Genmutation, die zur\u00fcck geht auf den Hengst \"Sultan\" und eine reine wei\u00dfe Fellfarbe verursacht. Dieser wurde 1912 geboren und von Adolfo Camarillo zur Zucht mit Morgan Horses eingesetzt. Diese sehr erfolgreichen Schimmel wurden bis 1987 von der Familie Camarillo gez\u00fcchtet, bevor sie bei einer Auktion in alle Welt verkauft wurden. Mit dem Gentest kann der Z\u00fcchter, der diese Farbe z\u00fcchten m\u00f6chte, herausfinden, ob ein Pferd, das von Sultan abstammt und selbst nur wenige wei\u00dfe Abzeichen hat, die Mutation vererben kann. Der Genotyp W4\/W4 konnte bislang nicht nachgewiesen werden. Dies deutet darauf hin, dass Pferde mit zwei Kopien dieser Mutation (homozygot) nicht lebensf\u00e4hig sind.<\/p><\/details><div style=\"text-align: right;\" class=\"partnerlab\">* Service is done by partner lab<\/div>\n","protected":false},"excerpt":{"rendered":"","protected":false},"author":1,"featured_media":0,"parent":10700,"menu_order":0,"comment_status":"closed","ping_status":"closed","template":"","meta":{"footnotes":""},"class_list":["post-238463","page","type-page","status-publish","hentry"],"_links":{"self":[{"href":"https:\/\/staging.laboklin.com\/labogen\/labogen_wp\/index.php\/wp-json\/wp\/v2\/pages\/238463","targetHints":{"allow":["GET"]}}],"collection":[{"href":"https:\/\/staging.laboklin.com\/labogen\/labogen_wp\/index.php\/wp-json\/wp\/v2\/pages"}],"about":[{"href":"https:\/\/staging.laboklin.com\/labogen\/labogen_wp\/index.php\/wp-json\/wp\/v2\/types\/page"}],"author":[{"embeddable":true,"href":"https:\/\/staging.laboklin.com\/labogen\/labogen_wp\/index.php\/wp-json\/wp\/v2\/users\/1"}],"replies":[{"embeddable":true,"href":"https:\/\/staging.laboklin.com\/labogen\/labogen_wp\/index.php\/wp-json\/wp\/v2\/comments?post=238463"}],"version-history":[{"count":0,"href":"https:\/\/staging.laboklin.com\/labogen\/labogen_wp\/index.php\/wp-json\/wp\/v2\/pages\/238463\/revisions"}],"up":[{"embeddable":true,"href":"https:\/\/staging.laboklin.com\/labogen\/labogen_wp\/index.php\/wp-json\/wp\/v2\/pages\/10700"}],"wp:attachment":[{"href":"https:\/\/staging.laboklin.com\/labogen\/labogen_wp\/index.php\/wp-json\/wp\/v2\/media?parent=238463"}],"curies":[{"name":"wp","href":"https:\/\/api.w.org\/{rel}","templated":true}]}}