{"id":238372,"date":"2024-09-12T07:23:54","date_gmt":"2024-09-12T05:23:54","guid":{"rendered":"http:\/\/staging.laboklin.com\/labogen\/labogen_wp\/paket-quarab"},"modified":"2024-09-12T07:23:54","modified_gmt":"2024-09-12T05:23:54","slug":"paket-quarab","status":"publish","type":"page","link":"https:\/\/staging.laboklin.com\/labogen\/labogen_wp\/index.php\/pakete-testkombinationen-pferd\/paket-quarab\/","title":{"rendered":"Paket Quarab"},"content":{"rendered":"<div class=\"wrap-top\"><div class=\"wrap-left\"><h1 class=\"header-1\">Paket Quarab<\/h1><h4><strong>General description<\/strong><\/h4><p class=\"bodytext\">enth\u00e4lt: PSSM, HERDA, GBED, CA und SCID<\/p><h4 class=\"header-4\"><strong><span>Breeds<\/span><\/strong><\/h4><p>Araber, Quarab, Quarter Horse<\/p><\/div><div class=\"wrap-right\"><div class=\"wrap-toggle\"><div class=\"toggle-details\"><details><summary class=\"summary-details\">Order details<\/summary><table border=\"0\"><tr><td width=\"45%\"><span><strong>Test number<\/strong><\/span><\/td><td>8372<\/td><\/tr><tr><td><strong>Sample material<\/strong><\/td><td>0,5 ml EDTA Blut, M\u00e4hnen-\/Schweifhaare<\/td><\/tr><tr><td><strong>Test duration<\/strong><\/td><td>7-14 Werktage<\/td><\/tr><\/table><\/details><details><summary class=\"summary-specs\">Test specifications<\/summary><table border=\"0\"><\/table><\/details><\/div><div class=\"order-now\"><strong><a href=\"https:\/\/shop.labogen.com\">Order now ...<\/a><\/strong><\/div><\/div><\/div><div class=\"clear-both\"><\/div><\/div><div class=\"wrap-detailed\"><details><summary class=\"detail-summary\">Detailed description<\/summary><p class=\"detailed\">Das Paket enth\u00e4lt folgende Tests: Polysaccharid-Speicher-Myopathie Typ 1 (PSSM; es kommt zu Ablagerungen von Mehrfachzuckern im Muskel und dadurch zu Symptomen wie Muskelzittern, Muskelsteifheit oder Lahmheit), Glycogen Branching Enzym Defizienz (GBED; das Fehlen des Glycogen Branching Enzyms ist eine Ursache f\u00fcr u. a. Fruchtabg\u00e4nge und pl\u00f6tzlichen Herztod junger Pferde), Hereditary equine regional dermal asthenia (HERDA; durch eine Degeneration der Haut kommt es zu Sch\u00e4digungen, vor allem auf der R\u00fcckenpartie ist die Haut extrem \u00fcberdehnbar, narbig und weist h\u00e4ufig Verletzungen auf), Cerebell\u00e4re Abiotrophie (CA; kommt ausschlie\u00dflich beim Araber vor und f\u00fchrt durch das Absterben von Nerven im Gehirn zu verschiedenen Bewegungsst\u00f6rungen betroffener Pferde), Schwere kombinierte Immundefizienz (SCID; eine Immunschw\u00e4che welche bei betroffenen Araberfohlen innerhalb von 10 Tagen bis 2 Monaten zum Tod f\u00fchrt).<\/p><\/details>\n","protected":false},"excerpt":{"rendered":"","protected":false},"author":1,"featured_media":0,"parent":10716,"menu_order":0,"comment_status":"closed","ping_status":"closed","template":"","meta":{"footnotes":""},"class_list":["post-238372","page","type-page","status-publish","hentry"],"_links":{"self":[{"href":"https:\/\/staging.laboklin.com\/labogen\/labogen_wp\/index.php\/wp-json\/wp\/v2\/pages\/238372","targetHints":{"allow":["GET"]}}],"collection":[{"href":"https:\/\/staging.laboklin.com\/labogen\/labogen_wp\/index.php\/wp-json\/wp\/v2\/pages"}],"about":[{"href":"https:\/\/staging.laboklin.com\/labogen\/labogen_wp\/index.php\/wp-json\/wp\/v2\/types\/page"}],"author":[{"embeddable":true,"href":"https:\/\/staging.laboklin.com\/labogen\/labogen_wp\/index.php\/wp-json\/wp\/v2\/users\/1"}],"replies":[{"embeddable":true,"href":"https:\/\/staging.laboklin.com\/labogen\/labogen_wp\/index.php\/wp-json\/wp\/v2\/comments?post=238372"}],"version-history":[{"count":0,"href":"https:\/\/staging.laboklin.com\/labogen\/labogen_wp\/index.php\/wp-json\/wp\/v2\/pages\/238372\/revisions"}],"up":[{"embeddable":true,"href":"https:\/\/staging.laboklin.com\/labogen\/labogen_wp\/index.php\/wp-json\/wp\/v2\/pages\/10716"}],"wp:attachment":[{"href":"https:\/\/staging.laboklin.com\/labogen\/labogen_wp\/index.php\/wp-json\/wp\/v2\/media?parent=238372"}],"curies":[{"name":"wp","href":"https:\/\/api.w.org\/{rel}","templated":true}]}}