{"id":228806,"date":"2024-09-12T07:23:52","date_gmt":"2024-09-12T05:23:52","guid":{"rendered":"http:\/\/staging.laboklin.com\/labogen\/labogen_wp\/faktor-xii-defizienz-f12"},"modified":"2024-09-12T07:23:52","modified_gmt":"2024-09-12T05:23:52","slug":"faktor-xii-defizienz-f12","status":"publish","type":"page","link":"https:\/\/staging.laboklin.com\/labogen\/labogen_wp\/index.php\/erbkrankheiten-katze\/faktor-xii-defizienz-f12\/","title":{"rendered":"Faktor XII-Defizienz (F12)"},"content":{"rendered":"<div class=\"wrap-top\"><div class=\"wrap-left\"><h1 class=\"header-1\">Faktor XII-Defizienz (F12)<\/h1><h4><strong>General description<\/strong><\/h4><p class=\"bodytext\">Der Koagulationsfaktor XII ist beteiligt an der intrinsischen Kaskade der Blutgerinnung. Im Faktor XII-Gen wurden zwei unterschiedliche genetische Varianten beschrieben, die FXII-Mangel ausl\u00f6sen. Ein FXII-Mangel verl\u00e4ngert die partielle Thromboplastinzeit im Plasma, ohne die Blutungsneigung bei betroffenen Katzen zu erh\u00f6hen.<\/p><\/div><div class=\"wrap-right\"><div class=\"wrap-toggle\"><div class=\"toggle-details\"><details><summary class=\"summary-details\">Order details<\/summary><table border=\"0\"><tr><td width=\"45%\"><span><strong>Test number<\/strong><\/span><\/td><td>8806<\/td><\/tr><tr><td><strong>Abbreviation<\/strong><\/td><td>F12<\/td><\/tr><tr><td><strong>Sample material<\/strong><\/td><td>0,5 ml EDTA Blut, 2x Backenabstrich, 1x Spezialabstrich (eNAT)<\/td><\/tr><tr><td><strong>Test duration<\/strong><\/td><td>7-14 Werktage<\/td><\/tr><\/table><\/details><details><summary class=\"summary-specs\">Test specifications<\/summary><table border=\"0\"><tr><td width=\"45%\"><strong>Symptom complex<\/strong><\/td><td>h\u00e4matologisch<\/td><\/tr><tr><td width=\"45%\"><strong>Inheritance<\/strong><\/td><td>autosomal-rezessiv (siehe Text)<\/td><\/tr><tr><td width=\"45%\"><strong>Causality<\/strong><\/td><td>assoziiert<\/td><\/tr><tr><td width=\"45%\"><strong>Gene<\/strong><\/td><td>F12<\/td><\/tr><tr><td width=\"45%\"><strong>Mutation<\/strong><\/td><td>G-C und DEL<\/td><\/tr><tr><td width=\"45%\"><strong>Literature<\/strong><\/td><td><a href='https:\/\/www.omia.org\/OMIA000364\/9685\/' target='_blank'>OMIA:000364-9685<\/a><\/td><\/tr><\/table><\/details><\/div><div class=\"order-now\"><strong><a href=\"https:\/\/shop.labogen.com\">Order now ...<\/a><\/strong><\/div><\/div><\/div><div class=\"clear-both\"><\/div><\/div><div class=\"wrap-detailed\"><details><summary class=\"detail-summary\">Detailed description<\/summary><p class=\"detailed\"><p><strong>Der Koagulationsfaktor XII<\/strong> ist beteiligt an der intrinsischen Kaskade der <strong>Blutgerinnung<\/strong>. Im Faktor XII-Gen wurden <strong>zwei unterschiedliche Varianten<\/strong> beschrieben, die einen <strong>FXII-Mangel<\/strong> ausl\u00f6sen.<\/p><p>Homozygot betroffene Katzen besitzen eine stark reduzierte FXII-Aktivit\u00e4t, w\u00e4hrend in heterozygot betroffenen Katzen nur eine moderat verringerte FXII-Aktivit\u00e4t messbar ist. Liegen beide Varianten heterozygot vor, ist davon auszugehen, dass kein funktionsf\u00e4higes FXII-Protein gebildet wird. Die Katze ist somit wie eine homozygot betroffene Katze anzusehen.<\/p><p>Ein FXII-Mangel verl\u00e4ngert die partielle Thromboplastinzeit (PTT) im Plasma, <strong>ohne die Blutungsneigung bei betroffenen Katzen zu erh\u00f6hen<\/strong>.<\/p><\/p><\/details>\n","protected":false},"excerpt":{"rendered":"","protected":false},"author":1,"featured_media":0,"parent":6265,"menu_order":0,"comment_status":"closed","ping_status":"closed","template":"","meta":{"footnotes":""},"class_list":["post-228806","page","type-page","status-publish","hentry"],"_links":{"self":[{"href":"https:\/\/staging.laboklin.com\/labogen\/labogen_wp\/index.php\/wp-json\/wp\/v2\/pages\/228806","targetHints":{"allow":["GET"]}}],"collection":[{"href":"https:\/\/staging.laboklin.com\/labogen\/labogen_wp\/index.php\/wp-json\/wp\/v2\/pages"}],"about":[{"href":"https:\/\/staging.laboklin.com\/labogen\/labogen_wp\/index.php\/wp-json\/wp\/v2\/types\/page"}],"author":[{"embeddable":true,"href":"https:\/\/staging.laboklin.com\/labogen\/labogen_wp\/index.php\/wp-json\/wp\/v2\/users\/1"}],"replies":[{"embeddable":true,"href":"https:\/\/staging.laboklin.com\/labogen\/labogen_wp\/index.php\/wp-json\/wp\/v2\/comments?post=228806"}],"version-history":[{"count":0,"href":"https:\/\/staging.laboklin.com\/labogen\/labogen_wp\/index.php\/wp-json\/wp\/v2\/pages\/228806\/revisions"}],"up":[{"embeddable":true,"href":"https:\/\/staging.laboklin.com\/labogen\/labogen_wp\/index.php\/wp-json\/wp\/v2\/pages\/6265"}],"wp:attachment":[{"href":"https:\/\/staging.laboklin.com\/labogen\/labogen_wp\/index.php\/wp-json\/wp\/v2\/media?parent=228806"}],"curies":[{"name":"wp","href":"https:\/\/api.w.org\/{rel}","templated":true}]}}