{"id":228775,"date":"2024-09-12T07:23:47","date_gmt":"2024-09-12T05:23:47","guid":{"rendered":"http:\/\/staging.laboklin.com\/labogen\/labogen_wp\/farbvariante-gold-sunshine-extreme-sunshine"},"modified":"2024-09-12T07:23:47","modified_gmt":"2024-09-12T05:23:47","slug":"farbvariante-gold-sunshine-extreme-sunshine","status":"publish","type":"page","link":"https:\/\/staging.laboklin.com\/labogen\/labogen_wp\/index.php\/farbe-haarlaenge-haarstruktur-katze\/farbvariante-gold-sunshine-extreme-sunshine\/","title":{"rendered":"Farbvariante Gold (Sunshine, extreme Sunshine)"},"content":{"rendered":"<div class=\"wrap-top\"><div class=\"wrap-left\"><h1 class=\"header-1\">Farbvarianten Gold (Kupfer, Sunshine)<\/h1><h4><strong>General description<\/strong><\/h4><p class=\"bodytext\">Bei der Farbvariante Gold handelt es sich um eine Modifikation der Tabby-Zeichnung. Es sind 3 Varianten im CORIN-Gen bekannt, die zu den Farben \u201eKupfer\u201c, \u201eSunshine\u201c und \u201eExtreme Sunshine\u201c f\u00fchren. Diese bewirken eine Zunahme der Ph\u00e4omelanin-Bande der Einzelhaare sowie eine Verdr\u00e4ngung des Eumelanins an die Haarspitze.<\/p><h4 class=\"header-4\"><strong><span>Breeds<\/span><\/strong><\/h4><p>Britisch Kurzhaar, Kurilen Bobtail, Sibirische Katze<\/p><\/div><div class=\"wrap-right\"><div class=\"wrap-toggle\"><div class=\"toggle-details\"><details><summary class=\"summary-details\">Order details<\/summary><table border=\"0\"><tr><td width=\"45%\"><span><strong>Test number<\/strong><\/span><\/td><td>8775<\/td><\/tr><tr><td><strong>Sample material<\/strong><\/td><td>0,5 ml EDTA Blut, 2x Backenabstrich, 1x Spezialabstrich (eNAT)<\/td><\/tr><tr><td><strong>Test duration<\/strong><\/td><td>7-14 Werktage<\/td><\/tr><\/table><\/details><details><summary class=\"summary-specs\">Test specifications<\/summary><table border=\"0\"><\/table><\/details><\/div><div class=\"order-now\"><strong><a href=\"https:\/\/shop.labogen.com\">Order now ...<\/a><\/strong><\/div><\/div><\/div><div class=\"clear-both\"><\/div><\/div><div class=\"wrap-detailed\"><details><summary class=\"detail-summary\">Detailed description<\/summary><p class=\"detailed\">Bei der Farbvariante Gold handelt es sich um eine Modifikation der Tabby-Zeichnung. Es sind 3 Varianten im CORIN-Gen bekannt, die zu den Farben \u201eKupfer\u201c, \u201eSunshine\u201c und \u201eExtreme Sunshine\u201c f\u00fchren. Diese bewirken eine Zunahme der Ph\u00e4omelanin-Bande der Einzelhaare sowie eine Verdr\u00e4ngung des Eumelanins an die Haarspitze.  F\u00fcr die Kupfer-Variante reinerbige Tiere sind gekennzeichnet durch eine Aufhellung der Tabby-Zeichnung und einer Goldf\u00e4rbung des Fells, die von einem Golden-Tipped- Ph\u00e4notyp bis hin zu einem kupferfarbenen Ph\u00e4notyp mit rot-goldenem Mantel und cremefarbenen Abzeichen an Bauch und Pfotenoberseiten (\u201eCountershading\u201c) reichen kann. Diese Variante wurde urspr\u00fcnglich in der Rasse Britisch Kurzhaar beschrieben.   F\u00fcr die Sunshine-Variante reinerbige Tiere sind gekennzeichnet durch eine Aufhellung der Tabby-Kennzeichen, einen cremefarbenen bis wei\u00dfen Bereich um die Nase, der sich bis auf die Brust erstreckt und eine rosa Nase ohne die f\u00fcr Tabby-Katzen typische dunkle Umrandung. Extrem-Sunshine-Katzen weisen eine noch st\u00e4rkere Farbmodifikation auf und haben eine starke Aufhellung der Tabby-Zeichen, einen hellen, cremefarbenen Bauch und die gleiche rosa Nase ohne die dunkle Linie, die bei Sunshine-Katzen zu beobachten ist. Der Erbgang erfolgt nach der allelischen Reihe: N > wbeSib > wbSib. Diese Varianten wurden urspr\u00fcnglich f\u00fcr die Rassen Sibirische Katze, Kurilen Bobtail und Toy Bob beschrieben.   Alle Farbvarianten k\u00f6nnen sich nur auspr\u00e4gen, wenn die Katze am Agouti-Genort den Genotyp A\/A oder A\/a aufweist.<\/p><\/details>\n","protected":false},"excerpt":{"rendered":"","protected":false},"author":1,"featured_media":0,"parent":10691,"menu_order":0,"comment_status":"closed","ping_status":"closed","template":"","meta":{"footnotes":""},"class_list":["post-228775","page","type-page","status-publish","hentry"],"_links":{"self":[{"href":"https:\/\/staging.laboklin.com\/labogen\/labogen_wp\/index.php\/wp-json\/wp\/v2\/pages\/228775","targetHints":{"allow":["GET"]}}],"collection":[{"href":"https:\/\/staging.laboklin.com\/labogen\/labogen_wp\/index.php\/wp-json\/wp\/v2\/pages"}],"about":[{"href":"https:\/\/staging.laboklin.com\/labogen\/labogen_wp\/index.php\/wp-json\/wp\/v2\/types\/page"}],"author":[{"embeddable":true,"href":"https:\/\/staging.laboklin.com\/labogen\/labogen_wp\/index.php\/wp-json\/wp\/v2\/users\/1"}],"replies":[{"embeddable":true,"href":"https:\/\/staging.laboklin.com\/labogen\/labogen_wp\/index.php\/wp-json\/wp\/v2\/comments?post=228775"}],"version-history":[{"count":0,"href":"https:\/\/staging.laboklin.com\/labogen\/labogen_wp\/index.php\/wp-json\/wp\/v2\/pages\/228775\/revisions"}],"up":[{"embeddable":true,"href":"https:\/\/staging.laboklin.com\/labogen\/labogen_wp\/index.php\/wp-json\/wp\/v2\/pages\/10691"}],"wp:attachment":[{"href":"https:\/\/staging.laboklin.com\/labogen\/labogen_wp\/index.php\/wp-json\/wp\/v2\/media?parent=228775"}],"curies":[{"name":"wp","href":"https:\/\/api.w.org\/{rel}","templated":true}]}}