{"id":228465,"date":"2024-09-12T07:23:52","date_gmt":"2024-09-12T05:23:52","guid":{"rendered":"http:\/\/staging.laboklin.com\/labogen\/labogen_wp\/head-defect"},"modified":"2024-09-12T07:23:52","modified_gmt":"2024-09-12T05:23:52","slug":"head-defect","status":"publish","type":"page","link":"https:\/\/staging.laboklin.com\/labogen\/labogen_wp\/index.php\/erbkrankheiten-katze\/head-defect\/","title":{"rendered":"Head Defect"},"content":{"rendered":"<div class=\"wrap-top\"><div class=\"wrap-left\"><h1 class=\"header-1\">Head Defect<\/h1><h4><strong>General description<\/strong><\/h4><p class=\"bodytext\">Katzen mit Burmese Head Defect haben schwere craniofaciale Missbildungen und sind nicht lebensf\u00e4hig. Eine Kopie der Mutation verursacht keine \"Missbildung\", ist aber h\u00e4ufig die Ursache f\u00fcr einen verk\u00fcrzten Gesichtssch\u00e4del (Brachyzephalie). <\/p><h4 class=\"header-4\"><strong><span>Breeds<\/span><\/strong><\/h4><p>Burma<\/p><\/div><div class=\"wrap-right\"><div class=\"wrap-toggle\"><div class=\"toggle-details\"><details><summary class=\"summary-details\">Order details<\/summary><table border=\"0\"><tr><td width=\"45%\"><span><strong>Test number<\/strong><\/span><\/td><td>8465<\/td><\/tr><tr><td><strong>Sample material<\/strong><\/td><td>0,5 ml EDTA Blut, 2x Backenabstrich, 1x Spezialabstrich (eNAT)<\/td><\/tr><tr><td><strong>Test duration<\/strong><\/td><td>7-14 Werktage<\/td><\/tr><\/table><\/details><details><summary class=\"summary-specs\">Test specifications<\/summary><table border=\"0\"><tr><td width=\"45%\"><strong>Symptom complex<\/strong><\/td><td>skeletal<\/td><\/tr><tr><td width=\"45%\"><strong>Inheritance<\/strong><\/td><td>siehe Infotext<\/td><\/tr><tr><td width=\"45%\"><strong>Causality<\/strong><\/td><td>urs\u00e4chlich<\/td><\/tr><tr><td width=\"45%\"><strong>Gene<\/strong><\/td><td>ALX1<\/td><\/tr><tr><td width=\"45%\"><strong>Mutation<\/strong><\/td><td>DEL<\/td><\/tr><tr><td width=\"45%\"><strong>Literature<\/strong><\/td><td><a href='https:\/\/www.omia.org\/OMIA001551\/9685\/' target='_blank'>OMIA:001551-9685<\/a><\/td><\/tr><\/table><\/details><\/div><div class=\"order-now\"><strong><a href=\"https:\/\/shop.labogen.com\">Order now ...<\/a><\/strong><\/div><\/div><\/div><div class=\"clear-both\"><\/div><\/div><div class=\"wrap-detailed\"><details><summary class=\"detail-summary\">Detailed description<\/summary><p class=\"detailed\"><p>Der Burmese Head Defect ist ein angeborene <strong>Missbildung des Kopfes und Gesichts<\/strong> (cranofacial), die in den heutigen Linien der Burmakatze weit verbreitet ist. Die urs\u00e4chliche Genvariante wurde vom Lyons Feline Genetics Research Laboratory an der UC Davis entdeckt und betrifft ein Gen, welches eine wichtige Rolle bei der Entwicklung des Gesichts spielt.<\/p><p>Eine Kopie der Variante <strong>(heterozygot)<\/strong> verursacht keine Missbildung, ist aber h\u00e4ufig die Ursache f\u00fcr einen <strong>verk\u00fcrzten Gesichtssch\u00e4del<\/strong> (Brachyzephalie). Katzen, die die Variante von beiden Eltertieren vererbt bekommen <strong>(homozygot)<\/strong>, haben <strong>schwere Missbildungen<\/strong> und sind <strong>nicht lebensf\u00e4hig<\/strong>.<\/p><\/p><\/details>\n","protected":false},"excerpt":{"rendered":"","protected":false},"author":1,"featured_media":0,"parent":6265,"menu_order":0,"comment_status":"closed","ping_status":"closed","template":"","meta":{"footnotes":""},"class_list":["post-228465","page","type-page","status-publish","hentry"],"_links":{"self":[{"href":"https:\/\/staging.laboklin.com\/labogen\/labogen_wp\/index.php\/wp-json\/wp\/v2\/pages\/228465","targetHints":{"allow":["GET"]}}],"collection":[{"href":"https:\/\/staging.laboklin.com\/labogen\/labogen_wp\/index.php\/wp-json\/wp\/v2\/pages"}],"about":[{"href":"https:\/\/staging.laboklin.com\/labogen\/labogen_wp\/index.php\/wp-json\/wp\/v2\/types\/page"}],"author":[{"embeddable":true,"href":"https:\/\/staging.laboklin.com\/labogen\/labogen_wp\/index.php\/wp-json\/wp\/v2\/users\/1"}],"replies":[{"embeddable":true,"href":"https:\/\/staging.laboklin.com\/labogen\/labogen_wp\/index.php\/wp-json\/wp\/v2\/comments?post=228465"}],"version-history":[{"count":0,"href":"https:\/\/staging.laboklin.com\/labogen\/labogen_wp\/index.php\/wp-json\/wp\/v2\/pages\/228465\/revisions"}],"up":[{"embeddable":true,"href":"https:\/\/staging.laboklin.com\/labogen\/labogen_wp\/index.php\/wp-json\/wp\/v2\/pages\/6265"}],"wp:attachment":[{"href":"https:\/\/staging.laboklin.com\/labogen\/labogen_wp\/index.php\/wp-json\/wp\/v2\/media?parent=228465"}],"curies":[{"name":"wp","href":"https:\/\/api.w.org\/{rel}","templated":true}]}}