{"id":228255,"date":"2024-09-12T07:23:47","date_gmt":"2024-09-12T05:23:47","guid":{"rendered":"http:\/\/staging.laboklin.com\/labogen\/labogen_wp\/snow"},"modified":"2024-09-12T07:23:47","modified_gmt":"2024-09-12T05:23:47","slug":"snow","status":"publish","type":"page","link":"https:\/\/staging.laboklin.com\/labogen\/labogen_wp\/index.php\/farbe-haarlaenge-haarstruktur-katze\/snow\/","title":{"rendered":"Snow"},"content":{"rendered":"<div class=\"wrap-top\"><div class=\"wrap-left\"><h1 class=\"header-1\">Snow<\/h1><h4><strong>General description<\/strong><\/h4><p class=\"bodytext\">Die Farbvariante Colourpoint bestimmt, ob eine Katze Tr\u00e4ger einer Form von Teilalbinismus ist. Bekannte Namen f\u00fcr diese Formen sind Siam, Mink, Sepia, Burma, oder bei der Bengalkatze Snow.<\/p><h4 class=\"header-4\"><strong><span>Breeds<\/span><\/strong><\/h4><p>Bengal<\/p><\/div><div class=\"wrap-right\"><div class=\"wrap-toggle\"><div class=\"toggle-details\"><details><summary class=\"summary-details\">Order details<\/summary><table border=\"0\"><tr><td width=\"45%\"><span><strong>Test number<\/strong><\/span><\/td><td>8255<\/td><\/tr><tr><td><strong>Sample material<\/strong><\/td><td>0,5 ml EDTA Blut, 2x Backenabstrich, 1x Spezialabstrich (eNAT)<\/td><\/tr><tr><td><strong>Test duration<\/strong><\/td><td>7-14 Werktage<\/td><\/tr><\/table><\/details><details><summary class=\"summary-specs\">Test specifications<\/summary><table border=\"0\"><\/table><\/details><\/div><div class=\"order-now\"><strong><a href=\"https:\/\/shop.labogen.com\">Order now ...<\/a><\/strong><\/div><\/div><\/div><div class=\"clear-both\"><\/div><\/div><div class=\"wrap-detailed\"><details><summary class=\"detail-summary\">Detailed description<\/summary><p class=\"detailed\">Der C- oder Colourpoint-Lokus beschreibt verschieden Stufen von Albinismus. Verantwortlich f\u00fcr diese Farbschattierungen sind Mutationen im Gen f\u00fcr das Enzym Tyrosinase, das f\u00fcr die Produktion von Melanin verantwortlich ist. Eine Genvariante, das dominante Wildtypallel (C), bewirkt die nat\u00fcrliche Vollf\u00e4rbung. Mehrere Mutationen erzeugen Abweichungen von leichtem Albinismus bis hin zu einem vollst\u00e4ndigen Albino. Die allelische Reihe des C-Lokus ist C>cb>cs>c. Besitzt eine Katze also beispielsweise sowohl das Allel C als auch cb, kommt C zur Auspr\u00e4gung. Die sogenannten Colourpoint-Restriction-Gene Burma (cb) und Siam (cs) sind verantwortlich f\u00fcr Ph\u00e4notypen, die mildere Formen von Albinismus darstellen. Die temperatursensitiven Mutationen erlauben die Produktion des normalen Pigments nur an den k\u00fchleren Extremit\u00e4ten des K\u00f6rpers, was die \"Maske\" des Gesichts, die dunklen Pfoten und den dunklen Schwanz verursacht. Der Burma-Genotyp (cbcb) erzielt dabei die mildere Form, bei dem das Fell an den Rumpfregionen nur leicht aufgehellt ist. Der Siam-Genotyp (cscs) zeigt eine viel st\u00e4rkere Aufhellung am Rumpf und einen h\u00f6heren Kontrast als Burma. Da Burma unvollst\u00e4ndig dominant gegen\u00fcber Siam ist, entsteht beim gemischt-heterozygoten Genotyp (cbcs) ein eigener Farbschlag, Mink, der farblich zwischen den beiden Varianten liegt. Snow ist die Bezeichnung f\u00fcr Bengals mit homozygoten Colourpoint-Allelen (cbcb, cbcs, cscs).<\/p><\/details>\n","protected":false},"excerpt":{"rendered":"","protected":false},"author":1,"featured_media":0,"parent":10691,"menu_order":0,"comment_status":"closed","ping_status":"closed","template":"","meta":{"footnotes":""},"class_list":["post-228255","page","type-page","status-publish","hentry"],"_links":{"self":[{"href":"https:\/\/staging.laboklin.com\/labogen\/labogen_wp\/index.php\/wp-json\/wp\/v2\/pages\/228255","targetHints":{"allow":["GET"]}}],"collection":[{"href":"https:\/\/staging.laboklin.com\/labogen\/labogen_wp\/index.php\/wp-json\/wp\/v2\/pages"}],"about":[{"href":"https:\/\/staging.laboklin.com\/labogen\/labogen_wp\/index.php\/wp-json\/wp\/v2\/types\/page"}],"author":[{"embeddable":true,"href":"https:\/\/staging.laboklin.com\/labogen\/labogen_wp\/index.php\/wp-json\/wp\/v2\/users\/1"}],"replies":[{"embeddable":true,"href":"https:\/\/staging.laboklin.com\/labogen\/labogen_wp\/index.php\/wp-json\/wp\/v2\/comments?post=228255"}],"version-history":[{"count":0,"href":"https:\/\/staging.laboklin.com\/labogen\/labogen_wp\/index.php\/wp-json\/wp\/v2\/pages\/228255\/revisions"}],"up":[{"embeddable":true,"href":"https:\/\/staging.laboklin.com\/labogen\/labogen_wp\/index.php\/wp-json\/wp\/v2\/pages\/10691"}],"wp:attachment":[{"href":"https:\/\/staging.laboklin.com\/labogen\/labogen_wp\/index.php\/wp-json\/wp\/v2\/media?parent=228255"}],"curies":[{"name":"wp","href":"https:\/\/api.w.org\/{rel}","templated":true}]}}