{"id":218913,"date":"2024-09-12T07:23:51","date_gmt":"2024-09-12T05:23:51","guid":{"rendered":"http:\/\/staging.laboklin.com\/labogen\/labogen_wp\/multiple-okulaere-defekte-mod"},"modified":"2024-09-12T07:23:51","modified_gmt":"2024-09-12T05:23:51","slug":"multiple-okulaere-defekte-mod","status":"publish","type":"page","link":"https:\/\/staging.laboklin.com\/labogen\/labogen_wp\/index.php\/erbkrankheiten-hund\/multiple-okulaere-defekte-mod\/","title":{"rendered":"Multiple okul\u00e4re Defekte (MOD)"},"content":{"rendered":"<div class=\"wrap-top\"><div class=\"wrap-left\"><h1 class=\"header-1\">Multiple okul\u00e4re Defekte (MOD)<\/h1><h4><strong>General description<\/strong><\/h4><p class=\"bodytext\">Von MOD betroffene Hunde leiden typischerweise an Katarakt (Grauer Star), die im fortgeschrittenen Stadium zum Verlust des Sehverm\u00f6gens f\u00fchrt. Weitere klinische Symptome k\u00f6nnen sein: Mikrophakie (kleine Linse), Kolobom (Spaltbildung) der Linse, Makrophtalmie (vergr\u00f6\u00dferter Augapfel), retinale Faltenbildungen und Abl\u00f6sungen, Vitreopathie (Erkrankung des Glask\u00f6rpers) sowie sekund\u00e4re Glaukome. Das Alter zum Zeitpunkt der Diagnose ist variabel (0,5-10 Jahre), das durchschnittliche Alter betr\u00e4gt etwa 2 Jahre.<\/p><h4 class=\"header-4\"><strong><span>Breeds<\/span><\/strong><\/h4><p>Bobtail<\/p><\/div><div class=\"wrap-right\"><div class=\"wrap-toggle\"><div class=\"toggle-details\"><details><summary class=\"summary-details\">Order details<\/summary><table border=\"0\"><tr><td width=\"45%\"><span><strong>Test number<\/strong><\/span><\/td><td>8913<\/td><\/tr><tr><td><strong>Sample material<\/strong><\/td><td>0,5 ml EDTA Blut, 2x Backenabstrich, 1x Spezialabstrich (eNAT)<\/td><\/tr><tr><td><strong>Test duration<\/strong><\/td><td>7-14 Werktage<\/td><\/tr><\/table><\/details><details><summary class=\"summary-specs\">Test specifications<\/summary><table border=\"0\"><\/table><\/details><\/div><div class=\"order-now\"><strong><a href=\"https:\/\/shop.labogen.com\">Order now ...<\/a><\/strong><\/div><\/div><\/div><div class=\"clear-both\"><\/div><\/div><div class=\"wrap-detailed\"><details><summary class=\"detail-summary\">Detailed description<\/summary><p class=\"detailed\">Beim Bobtail konnte eine Variante des kollagenbildenden COL11A1 \u2013 Gens mit einem okularen Syndrom in Verbindung gebracht werden. Da bei diesem Syndrom unterschiedliche Bereiche des Auges beeintr\u00e4chtigt sein k\u00f6nnen, wird es auch als multipler okul\u00e4rer Defekt (MOD) bezeichnet.   Von MOD betroffene Hunde leiden typischerweise an Katarakt (Grauer Star), die im fortgeschrittenen Stadium zum Verlust des Sehverm\u00f6gens f\u00fchrt. Weitere klinische Symptome k\u00f6nnen sein: Mikrophakie (kleine Linse), Kolobom (Spaltbildung) der Linse, Makrophthalmie (vergr\u00f6\u00dferter Augapfel), retinale Faltenbildungen und Abl\u00f6sungen, Vitreopathie (Erkrankung des Glask\u00f6rpers) sowie sekund\u00e4re Glaukome. Das Alter zum Zeitpunkt der Diagnose ist variabel (0,5-10 Jahre), wobei das durchschnittliche Alter etwa 2 Jahre betr\u00e4gt.  MOD folgt einem dominanten Erbgang, jedoch zeigen die homozygot betroffenen Hunde st\u00e4rker ausgepr\u00e4gte Symptome und\/oder einen fr\u00fcheren Krankheitsbeginn als heterozygote Hunde. <\/p><\/details>\n","protected":false},"excerpt":{"rendered":"","protected":false},"author":1,"featured_media":0,"parent":6261,"menu_order":0,"comment_status":"closed","ping_status":"closed","template":"","meta":{"footnotes":""},"class_list":["post-218913","page","type-page","status-publish","hentry"],"_links":{"self":[{"href":"https:\/\/staging.laboklin.com\/labogen\/labogen_wp\/index.php\/wp-json\/wp\/v2\/pages\/218913","targetHints":{"allow":["GET"]}}],"collection":[{"href":"https:\/\/staging.laboklin.com\/labogen\/labogen_wp\/index.php\/wp-json\/wp\/v2\/pages"}],"about":[{"href":"https:\/\/staging.laboklin.com\/labogen\/labogen_wp\/index.php\/wp-json\/wp\/v2\/types\/page"}],"author":[{"embeddable":true,"href":"https:\/\/staging.laboklin.com\/labogen\/labogen_wp\/index.php\/wp-json\/wp\/v2\/users\/1"}],"replies":[{"embeddable":true,"href":"https:\/\/staging.laboklin.com\/labogen\/labogen_wp\/index.php\/wp-json\/wp\/v2\/comments?post=218913"}],"version-history":[{"count":0,"href":"https:\/\/staging.laboklin.com\/labogen\/labogen_wp\/index.php\/wp-json\/wp\/v2\/pages\/218913\/revisions"}],"up":[{"embeddable":true,"href":"https:\/\/staging.laboklin.com\/labogen\/labogen_wp\/index.php\/wp-json\/wp\/v2\/pages\/6261"}],"wp:attachment":[{"href":"https:\/\/staging.laboklin.com\/labogen\/labogen_wp\/index.php\/wp-json\/wp\/v2\/media?parent=218913"}],"curies":[{"name":"wp","href":"https:\/\/api.w.org\/{rel}","templated":true}]}}