{"id":218768,"date":"2024-09-12T07:23:51","date_gmt":"2024-09-12T05:23:51","guid":{"rendered":"http:\/\/staging.laboklin.com\/labogen\/labogen_wp\/spongiforme-leukoenzephalomyelopathie-slem"},"modified":"2024-09-12T07:23:51","modified_gmt":"2024-09-12T05:23:51","slug":"spongiforme-leukoenzephalomyelopathie-slem","status":"publish","type":"page","link":"https:\/\/staging.laboklin.com\/labogen\/labogen_wp\/index.php\/erbkrankheiten-hund\/spongiforme-leukoenzephalomyelopathie-slem\/","title":{"rendered":"Spongiforme Leukoenzephalomyelopathie (SLEM)"},"content":{"rendered":"<div class=\"wrap-top\"><div class=\"wrap-left\"><h1 class=\"header-1\">Spongiforme Leukoenzephalomyelopathie (SLEM)*<\/h1><h4><strong>General description<\/strong><\/h4><p class=\"bodytext\">Die ersten Symptome werden \u00fcblicherweise sichtbar sobald die Welpen beginnen zu Stehen und zu Laufen, in der Regel im Alter von etwa 2 Wochen. Zun\u00e4chst zeigt sich ein Zittern der Hinterl\u00e4ufe, sp\u00e4ter breitet sich das Zittern auf den ganzen K\u00f6rper aus und wird von einer allgemein schlechten Koordinationsf\u00e4higkeit begleitet. Zudem sind die betroffenen Welpen meist kleiner und leichter als ihre gesunden Wurfgeschwister. <\/p><h4 class=\"header-4\"><strong><span>Breeds<\/span><\/strong><\/h4><p>Border Terrier<\/p><\/div><div class=\"wrap-right\"><div class=\"wrap-toggle\"><div class=\"toggle-details\"><details><summary class=\"summary-details\">Order details<\/summary><table border=\"0\"><tr><td width=\"45%\"><span><strong>Test number<\/strong><\/span><\/td><td>8768<\/td><\/tr><tr><td><strong>Abbreviation<\/strong><\/td><td>SLEM<\/td><\/tr><tr><td><strong>Sample material<\/strong><\/td><td>0,5 ml EDTA Blut, 2x Backenabstrich, 1x Spezialabstrich (eNAT)<\/td><\/tr><tr><td><strong>Test duration<\/strong><\/td><td>28-42 Werktage<\/td><\/tr><\/table><\/details><details><summary class=\"summary-specs\">Test specifications<\/summary><table border=\"0\"><tr><td width=\"45%\"><strong>Symptom complex<\/strong><\/td><td>neuromuskul\u00e4r<\/td><\/tr><tr><td width=\"45%\"><strong>Inheritance<\/strong><\/td><td>autosomal-rezessiv<\/td><\/tr><tr><td width=\"45%\"><strong>Age of onset<\/strong><\/td><td>2-12 Wochen <\/td><\/tr><tr><td width=\"45%\"><strong>Causality<\/strong><\/td><td>urs\u00e4chlich<\/td><\/tr><\/table><\/details><\/div><div class=\"order-now\"><strong><a href=\"https:\/\/shop.labogen.com\">Order now ...<\/a><\/strong><\/div><\/div><\/div><div class=\"clear-both\"><\/div><\/div><div class=\"wrap-detailed\"><details><summary class=\"detail-summary\">Detailed description<\/summary><p class=\"detailed\">Beim Border Terrier konnte eine genetische Variante als Ursache f\u00fcr eine degenerative neurologische Erkrankung gefunden werden, die als spongiforme Leukoenzephalomyelopathie (SLEM) oder Shaking Puppy Syndrome bezeichnet wird.  Ver\u00e4nderungen der isolierenden Myelinschicht um die Nervenfasern der wei\u00dfen Substanz des Gehirns resultieren in einer reduzierten Weiterleitung der Nervenimpulse und letztendlich in neurologischen Symptomen wie mangelnder Koordination, Zittern und Anfallserscheinungen. Die ersten Symptome werden \u00fcblicherweise sichtbar, sobald die Welpen beginnen zu stehen und zu laufen, in der Regel im Alter von etwa 2 Wochen. Zun\u00e4chst zeigt sich ein Zittern der Hinterl\u00e4ufe, sp\u00e4ter breitet sich das Zittern auf den ganzen K\u00f6rper aus und wird von einer allgemein schlechten Koordinationsf\u00e4higkeit begleitet. Zudem sind die betroffenen Welpen meist kleiner und leichter als ihre gesunden Wurfgeschwister.  Manche betroffenen Welpen zeigen jedoch bis zum Alter von 10-12 Wochen weder Koordinationsprobleme noch Zittern und auch der Schweregrad der klinischen Symptome kann sehr unterschiedlich sein. Daher geht man von weiteren Genvarianten oder Umweltfaktoren aus, die das Fortschreiten der Myelindefekte beeinflussen k\u00f6nnten. Zurzeit gibt es noch keine effektive Therapie f\u00fcr SLEM-betroffene Welpen, sodass diese meist aufgrund der schlechten Lebensqualit\u00e4t euthanasiert werden m\u00fcssen.   <\/p><\/details><div style=\"text-align: right;\" class=\"partnerlab\">* Service is done by partner lab<\/div>\n","protected":false},"excerpt":{"rendered":"","protected":false},"author":1,"featured_media":0,"parent":6261,"menu_order":0,"comment_status":"closed","ping_status":"closed","template":"","meta":{"footnotes":""},"class_list":["post-218768","page","type-page","status-publish","hentry"],"_links":{"self":[{"href":"https:\/\/staging.laboklin.com\/labogen\/labogen_wp\/index.php\/wp-json\/wp\/v2\/pages\/218768","targetHints":{"allow":["GET"]}}],"collection":[{"href":"https:\/\/staging.laboklin.com\/labogen\/labogen_wp\/index.php\/wp-json\/wp\/v2\/pages"}],"about":[{"href":"https:\/\/staging.laboklin.com\/labogen\/labogen_wp\/index.php\/wp-json\/wp\/v2\/types\/page"}],"author":[{"embeddable":true,"href":"https:\/\/staging.laboklin.com\/labogen\/labogen_wp\/index.php\/wp-json\/wp\/v2\/users\/1"}],"replies":[{"embeddable":true,"href":"https:\/\/staging.laboklin.com\/labogen\/labogen_wp\/index.php\/wp-json\/wp\/v2\/comments?post=218768"}],"version-history":[{"count":0,"href":"https:\/\/staging.laboklin.com\/labogen\/labogen_wp\/index.php\/wp-json\/wp\/v2\/pages\/218768\/revisions"}],"up":[{"embeddable":true,"href":"https:\/\/staging.laboklin.com\/labogen\/labogen_wp\/index.php\/wp-json\/wp\/v2\/pages\/6261"}],"wp:attachment":[{"href":"https:\/\/staging.laboklin.com\/labogen\/labogen_wp\/index.php\/wp-json\/wp\/v2\/media?parent=218768"}],"curies":[{"name":"wp","href":"https:\/\/api.w.org\/{rel}","templated":true}]}}