{"id":218677,"date":"2024-09-12T07:23:51","date_gmt":"2024-09-12T05:23:51","guid":{"rendered":"http:\/\/staging.laboklin.com\/labogen\/labogen_wp\/retinale-dysplasie-osd-northern-inuit-tamaskan"},"modified":"2024-09-12T07:23:51","modified_gmt":"2024-09-12T05:23:51","slug":"retinale-dysplasie-osd-northern-inuit-tamaskan","status":"publish","type":"page","link":"https:\/\/staging.laboklin.com\/labogen\/labogen_wp\/index.php\/erbkrankheiten-hund\/retinale-dysplasie-osd-northern-inuit-tamaskan\/","title":{"rendered":"Retinale Dysplasie (OSD) &#8211; Northern Inuit, Tamaskan"},"content":{"rendered":"<div class=\"wrap-top\"><div class=\"wrap-left\"><h1 class=\"header-1\">Retinale Dysplasie (OSD) - Northern Inuit, Tamaskan<\/h1><h4><strong>General description<\/strong><\/h4><p class=\"bodytext\">Diese Erbkrankheit geht neben Zwergwuchs mit verk\u00fcrzten Gliedma\u00dfen, aber einem normal proportionierten Achsenskelett, auch mit Ver\u00e4nderungen des Skeletts (Skelettdysplasie) einher. Au\u00dferdem kann das Sehverm\u00f6gen eingeschr\u00e4nkt sein. Es kann zur vollst\u00e4ndigen Erblingung der Tiere f\u00fchren. <\/p><h4 class=\"header-4\"><strong><span>Breeds<\/span><\/strong><\/h4><p>Northern Inuit, Tamaskan<\/p><\/div><div class=\"wrap-right\"><div class=\"wrap-toggle\"><div class=\"toggle-details\"><details><summary class=\"summary-details\">Order details<\/summary><table border=\"0\"><tr><td width=\"45%\"><span><strong>Test number<\/strong><\/span><\/td><td>8677<\/td><\/tr><tr><td><strong>Abbreviation<\/strong><\/td><td>OSD<\/td><\/tr><tr><td><strong>Sample material<\/strong><\/td><td>0,5 ml EDTA Blut, 2x Backenabstrich, 1x Spezialabstrich (eNAT)<\/td><\/tr><tr><td><strong>Test duration<\/strong><\/td><td>7-14 Werktage<\/td><\/tr><\/table><\/details><details><summary class=\"summary-specs\">Test specifications<\/summary><table border=\"0\"><tr><td width=\"45%\"><strong>Symptom complex<\/strong><\/td><td>ophthalmic<\/td><\/tr><tr><td width=\"45%\"><strong>Inheritance<\/strong><\/td><td>autosomal-rezessiv<\/td><\/tr><tr><td width=\"45%\"><strong>Causality<\/strong><\/td><td>causally<\/td><\/tr><tr><td width=\"45%\"><strong>Gene<\/strong><\/td><td>COL9A3<\/td><\/tr><tr><td width=\"45%\"><strong>Mutation<\/strong><\/td><td>C-T<\/td><\/tr><tr><td width=\"45%\"><strong>Literature<\/strong><\/td><td><a href='https:\/\/www.omia.org\/OMIA001522\/9615\/' target='_blank'>OMIA:001522-9615<\/a><\/td><\/tr><\/table><\/details><\/div><div class=\"order-now\"><strong><a href=\"https:\/\/shop.labogen.com\">Order now ...<\/a><\/strong><\/div><\/div><\/div><div class=\"clear-both\"><\/div><\/div><div class=\"wrap-detailed\"><details><summary class=\"detail-summary\">Detailed description<\/summary><p class=\"detailed\">Bei den Hunderassen Northern Inuit und Tamaskan f\u00fchrt eine Genmutation  zu einer sogenannten Okulo-Skeletalen-Dysplasie (OSD). Diese Erbkrankheit geht neben Zwergwuchs mit verk\u00fcrzten Gliedma\u00dfen, aber einem normal proportionierten Achsenskelett, auch mit Ver\u00e4nderungen des Skeletts (Skelettdysplasie) einher. Au\u00dferdem kann das Sehverm\u00f6gen eingeschr\u00e4nkt sein. Es kann zur vollst\u00e4ndigen Erblingung der Tiere f\u00fchren. <\/p><\/details>\n","protected":false},"excerpt":{"rendered":"","protected":false},"author":1,"featured_media":0,"parent":6261,"menu_order":0,"comment_status":"closed","ping_status":"closed","template":"","meta":{"footnotes":""},"class_list":["post-218677","page","type-page","status-publish","hentry"],"_links":{"self":[{"href":"https:\/\/staging.laboklin.com\/labogen\/labogen_wp\/index.php\/wp-json\/wp\/v2\/pages\/218677","targetHints":{"allow":["GET"]}}],"collection":[{"href":"https:\/\/staging.laboklin.com\/labogen\/labogen_wp\/index.php\/wp-json\/wp\/v2\/pages"}],"about":[{"href":"https:\/\/staging.laboklin.com\/labogen\/labogen_wp\/index.php\/wp-json\/wp\/v2\/types\/page"}],"author":[{"embeddable":true,"href":"https:\/\/staging.laboklin.com\/labogen\/labogen_wp\/index.php\/wp-json\/wp\/v2\/users\/1"}],"replies":[{"embeddable":true,"href":"https:\/\/staging.laboklin.com\/labogen\/labogen_wp\/index.php\/wp-json\/wp\/v2\/comments?post=218677"}],"version-history":[{"count":0,"href":"https:\/\/staging.laboklin.com\/labogen\/labogen_wp\/index.php\/wp-json\/wp\/v2\/pages\/218677\/revisions"}],"up":[{"embeddable":true,"href":"https:\/\/staging.laboklin.com\/labogen\/labogen_wp\/index.php\/wp-json\/wp\/v2\/pages\/6261"}],"wp:attachment":[{"href":"https:\/\/staging.laboklin.com\/labogen\/labogen_wp\/index.php\/wp-json\/wp\/v2\/media?parent=218677"}],"curies":[{"name":"wp","href":"https:\/\/api.w.org\/{rel}","templated":true}]}}