{"id":218642,"date":"2024-09-12T07:23:51","date_gmt":"2024-09-12T05:23:51","guid":{"rendered":"http:\/\/staging.laboklin.com\/labogen\/labogen_wp\/shar-pei-autoinflammatory-disease-spaid"},"modified":"2024-09-12T07:23:51","modified_gmt":"2024-09-12T05:23:51","slug":"shar-pei-autoinflammatory-disease-spaid","status":"publish","type":"page","link":"https:\/\/staging.laboklin.com\/labogen\/labogen_wp\/index.php\/erbkrankheiten-hund\/shar-pei-autoinflammatory-disease-spaid\/","title":{"rendered":"Shar Pei Autoinflammatory Disease (SPAID)"},"content":{"rendered":"<div class=\"wrap-top\"><div class=\"wrap-left\"><h1 class=\"header-1\">Shar Pei Autoinflammatory Disease (SPAID)<\/h1><h4><strong>General description<\/strong><\/h4><p class=\"bodytext\">Neben dem typischen Fieber k\u00f6nnen bei SPAID noch folgende Symptome vorkommen: Arthritis, Entz\u00fcndung der Haut (Dermatitis), Ohrentz\u00fcndung (Otitis), St\u00f6rung des Proteinstoffwechsels (systemische Amyloidose), Hautr\u00f6tungen im Bereich der Hautfalten, verklebte und verdickte Haut, Augen- und st\u00e4ndig wiederkehrende Darmentz\u00fcndungen. Die ersten klinischen Symptome zeigen sich meist im Alter von 1-6 Jahren. <\/p><h4 class=\"header-4\"><strong><span>Breeds<\/span><\/strong><\/h4><p>Shar Pei<\/p><\/div><div class=\"wrap-right\"><div class=\"wrap-toggle\"><div class=\"toggle-details\"><details><summary class=\"summary-details\">Order details<\/summary><table border=\"0\"><tr><td width=\"45%\"><span><strong>Test number<\/strong><\/span><\/td><td>8642<\/td><\/tr><tr><td><strong>Abbreviation<\/strong><\/td><td>SPAID<\/td><\/tr><tr><td><strong>Sample material<\/strong><\/td><td>0,5 ml EDTA Blut, 2x Backenabstrich, 1x Spezialabstrich (eNAT)<\/td><\/tr><tr><td><strong>Test duration<\/strong><\/td><td>3-5 Werktage<\/td><\/tr><\/table><\/details><details><summary class=\"summary-specs\">Test specifications<\/summary><table border=\"0\"><tr><td width=\"45%\"><strong>Symptom complex<\/strong><\/td><td>systemisch<\/td><\/tr><tr><td width=\"45%\"><strong>Inheritance<\/strong><\/td><td>autosomal-dominant mit variabler Penetranz<\/td><\/tr><tr><td width=\"45%\"><strong>Age of onset<\/strong><\/td><td>1-6 Jahre <\/td><\/tr><tr><td width=\"45%\"><strong>Causality<\/strong><\/td><td>Marker<\/td><\/tr><tr><td width=\"45%\"><strong>Gene<\/strong><\/td><td>MTBP<\/td><\/tr><tr><td width=\"45%\"><strong>Mutation<\/strong><\/td><td>G-A<\/td><\/tr><tr><td width=\"45%\"><strong>Literature<\/strong><\/td><td><a href='https:\/\/www.omia.org\/OMIA001561\/9615\/' target='_blank'>OMIA:001561-9615<\/a><\/td><\/tr><\/table><\/details><\/div><div class=\"order-now\"><strong><a href=\"https:\/\/shop.labogen.com\">Order now ...<\/a><\/strong><\/div><\/div><\/div><div class=\"clear-both\"><\/div><\/div><div class=\"wrap-detailed\"><details><summary class=\"detail-summary\">Detailed description<\/summary><p class=\"detailed\">Beim Shar Pei werden Entz\u00fcndungssymptome wie Fieber und Gelenksentz\u00fcndung (Arthritis) h\u00e4ufig mit der rassespezifischen Anf\u00e4lligkeit (Pr\u00e4disposition) f\u00fcr das Syndrom Shar Pei Autoinflammatory Disease (SPAID) in Verbindung gebracht. Neben dem typischen Fieber k\u00f6nnen bei SPAID noch folgende Symptome vorkommen: Arthritis, Entz\u00fcndung der Haut (Dermatitis), Ohrentz\u00fcndung (Otitis), St\u00f6rung des Proteinstoffwechsels (systemische Amyloidose), Hautr\u00f6tungen im Bereich der Hautfalten, verklebte und verdickte Haut, Augen- und st\u00e4ndig wiederkehrende Darmentz\u00fcndungen. Die ersten klinischen Symptome zeigen sich meist im Alter von 1-6 Jahren. Bez\u00fcglich der Komplexit\u00e4t der Krankheit und dem variablen Zeitpunkt des Auftretens der ersten Symptome, ist SPAID den beim Menschen durch den K\u00f6rper selbst verursachten (autoinflammatorischen) Krankheiten sehr \u00e4hnlich, wie zum Beispiel dem famili\u00e4ren Mittelmeerfieber. Es wurde eine Genmutation im sogenannten MTBP-Gen gefunden, die sehr stark mit SPAID beim Shar Pei assoziiert ist.<\/p><\/details>\n","protected":false},"excerpt":{"rendered":"","protected":false},"author":1,"featured_media":0,"parent":6261,"menu_order":0,"comment_status":"closed","ping_status":"closed","template":"","meta":{"footnotes":""},"class_list":["post-218642","page","type-page","status-publish","hentry"],"_links":{"self":[{"href":"https:\/\/staging.laboklin.com\/labogen\/labogen_wp\/index.php\/wp-json\/wp\/v2\/pages\/218642","targetHints":{"allow":["GET"]}}],"collection":[{"href":"https:\/\/staging.laboklin.com\/labogen\/labogen_wp\/index.php\/wp-json\/wp\/v2\/pages"}],"about":[{"href":"https:\/\/staging.laboklin.com\/labogen\/labogen_wp\/index.php\/wp-json\/wp\/v2\/types\/page"}],"author":[{"embeddable":true,"href":"https:\/\/staging.laboklin.com\/labogen\/labogen_wp\/index.php\/wp-json\/wp\/v2\/users\/1"}],"replies":[{"embeddable":true,"href":"https:\/\/staging.laboklin.com\/labogen\/labogen_wp\/index.php\/wp-json\/wp\/v2\/comments?post=218642"}],"version-history":[{"count":0,"href":"https:\/\/staging.laboklin.com\/labogen\/labogen_wp\/index.php\/wp-json\/wp\/v2\/pages\/218642\/revisions"}],"up":[{"embeddable":true,"href":"https:\/\/staging.laboklin.com\/labogen\/labogen_wp\/index.php\/wp-json\/wp\/v2\/pages\/6261"}],"wp:attachment":[{"href":"https:\/\/staging.laboklin.com\/labogen\/labogen_wp\/index.php\/wp-json\/wp\/v2\/media?parent=218642"}],"curies":[{"name":"wp","href":"https:\/\/api.w.org\/{rel}","templated":true}]}}