{"id":218639,"date":"2024-09-12T07:23:46","date_gmt":"2024-09-12T05:23:46","guid":{"rendered":"http:\/\/staging.laboklin.com\/labogen\/labogen_wp\/b-lokus-seltene-varianten-allele-b4-be-bh"},"modified":"2024-09-12T07:23:46","modified_gmt":"2024-09-12T05:23:46","slug":"b-lokus-seltene-varianten-allele-b4-be-bh","status":"publish","type":"page","link":"https:\/\/staging.laboklin.com\/labogen\/labogen_wp\/index.php\/farbe-haarlaenge-haarstruktur-hund\/b-lokus-seltene-varianten-allele-b4-be-bh\/","title":{"rendered":"B-Lokus (seltene Varianten, Allele: b4, be, bh)"},"content":{"rendered":"<div class=\"wrap-top\"><div class=\"wrap-left\"><h1 class=\"header-1\">B-Lokus (seltene Varianten, Allele: b4, be, bh)<\/h1><h4><strong>General description<\/strong><\/h4><p class=\"bodytext\">Neben den bei allen Rassen vorkommenden Varianten bc, bd und bs gibt es seltener bei den Rassen Australian Shepherd und Miniature American Shepherd eine urs\u00e4chliche Variante b4 sowie beim Lancashire Heeler eine urs\u00e4chliche Variante be und beim Husky eine urs\u00e4chliche Variante bh. <\/p><h4 class=\"header-4\"><strong><span>Breeds<\/span><\/strong><\/h4><p>Australian Shepherd, Lancashire Heeler, Miniature American Shepherd, Siberian Husky<\/p><\/div><div class=\"wrap-right\"><div class=\"wrap-toggle\"><div class=\"toggle-details\"><details><summary class=\"summary-details\">Order details<\/summary><table border=\"0\"><tr><td width=\"45%\"><span><strong>Test number<\/strong><\/span><\/td><td>8639<\/td><\/tr><tr><td><strong>Sample material<\/strong><\/td><td>0,5 ml EDTA Blut, 2x Backenabstrich, 1x Spezialabstrich (eNAT)<\/td><\/tr><tr><td><strong>Test duration<\/strong><\/td><td>3-14 Werktage<\/td><\/tr><\/table><\/details><details><summary class=\"summary-specs\">Test specifications<\/summary><table border=\"0\"><tr><td width=\"45%\"><strong>Literature<\/strong><\/td><td><a href='https:\/\/www.omia.org\/OMIA001249\/9615\/' target='_blank'>OMIA:001249-9615<\/a><\/td><\/tr><\/table><\/details><\/div><div class=\"order-now\"><strong><a href=\"https:\/\/shop.labogen.com\">Order now ...<\/a><\/strong><\/div><\/div><\/div><div class=\"clear-both\"><\/div><\/div><div class=\"wrap-detailed\"><details><summary class=\"detail-summary\">Detailed description<\/summary><p class=\"detailed\"><p>Die braune Fellfarbe wird vom TRP1-Gen am B-Lokus bestimmt. Zwei Allelformen sind m\u00f6glich: B (dominant) ist verantwortlich f\u00fcr die Grundfarbe, b (rezessiv) verursacht die Fellfarbe Braun. Zwei Kopien des rezessiven b-Allels sind n\u00f6tig, um Schwarz zu Braun aufzuhellen. Bei gelben Hunden hat b keine Auswirkung auf die Fellfarbe, jedoch \u00e4ndert sich die Farbe der Nase und der Fu\u00dfballen von Schwarz zu Braun, wenn b homozygot vorliegt. <\/p><p>Neben den bei allen Rassen vorkommenden Varianten bc, bd und bs gibt es seltener bei den Rassen Australian Shepherd und Miniature American Shepherd eine urs\u00e4chliche Variante b4 sowie beim Lancashire Heeler eine urs\u00e4chliche Variante be und beim Husky eine urs\u00e4chliche Variante bh.<\/p><p>Bei der Franz\u00f6sischen Bulldogge l\u00f6st die genetische Variante \"cocoa\" ebenfalls eine braune Fellfarbe aus, die von den bisher bekannten F\u00e4rbungen \u00fcber den B-Lokus optisch nicht zu unterscheiden ist.<\/p><\/p><\/details>\n","protected":false},"excerpt":{"rendered":"","protected":false},"author":1,"featured_media":0,"parent":10689,"menu_order":0,"comment_status":"closed","ping_status":"closed","template":"","meta":{"footnotes":""},"class_list":["post-218639","page","type-page","status-publish","hentry"],"_links":{"self":[{"href":"https:\/\/staging.laboklin.com\/labogen\/labogen_wp\/index.php\/wp-json\/wp\/v2\/pages\/218639","targetHints":{"allow":["GET"]}}],"collection":[{"href":"https:\/\/staging.laboklin.com\/labogen\/labogen_wp\/index.php\/wp-json\/wp\/v2\/pages"}],"about":[{"href":"https:\/\/staging.laboklin.com\/labogen\/labogen_wp\/index.php\/wp-json\/wp\/v2\/types\/page"}],"author":[{"embeddable":true,"href":"https:\/\/staging.laboklin.com\/labogen\/labogen_wp\/index.php\/wp-json\/wp\/v2\/users\/1"}],"replies":[{"embeddable":true,"href":"https:\/\/staging.laboklin.com\/labogen\/labogen_wp\/index.php\/wp-json\/wp\/v2\/comments?post=218639"}],"version-history":[{"count":0,"href":"https:\/\/staging.laboklin.com\/labogen\/labogen_wp\/index.php\/wp-json\/wp\/v2\/pages\/218639\/revisions"}],"up":[{"embeddable":true,"href":"https:\/\/staging.laboklin.com\/labogen\/labogen_wp\/index.php\/wp-json\/wp\/v2\/pages\/10689"}],"wp:attachment":[{"href":"https:\/\/staging.laboklin.com\/labogen\/labogen_wp\/index.php\/wp-json\/wp\/v2\/media?parent=218639"}],"curies":[{"name":"wp","href":"https:\/\/api.w.org\/{rel}","templated":true}]}}