{"id":218630,"date":"2024-09-12T07:23:51","date_gmt":"2024-09-12T05:23:51","guid":{"rendered":"http:\/\/staging.laboklin.com\/labogen\/labogen_wp\/paroxysmale-dyskinesie-pxd"},"modified":"2024-09-12T07:23:51","modified_gmt":"2024-09-12T05:23:51","slug":"paroxysmale-dyskinesie-pxd","status":"publish","type":"page","link":"https:\/\/staging.laboklin.com\/labogen\/labogen_wp\/index.php\/erbkrankheiten-hund\/paroxysmale-dyskinesie-pxd\/","title":{"rendered":"Paroxysmale Dyskinesie (PxD)"},"content":{"rendered":"<div class=\"wrap-top\"><div class=\"wrap-left\"><h1 class=\"header-1\">Paroxysmale Dyskinesie (PxD)<\/h1><h4><strong>General description<\/strong><\/h4><p class=\"bodytext\">Pl\u00f6tzlich auftretende, unwillk\u00fcrliche, unregelm\u00e4\u00dfige Bewegungen, insbesondere der Hinterbeine (Hyperkinesien), treten beim Irish Soft-Coated Wheaten Terrier mit Paraxoysmale Dyskinesie (PxD) auf. Von der Erbkrankheit betroffene Tiere dieser Hunderasse haben diese \"anfallsartigen Bewegungsst\u00f6rungen\" ab einem Alter von 2 Jahren mehrmals t\u00e4glich(bis zu 10x\/Tag). Die Symptome verschlechtern sich im Laufe des Lebens und dauern Minuten bis Stunden. Die Muskelzuckungen der Beine (Extremit\u00e4ten) treten unvorhersehbar und ohne Grund beim betroffenen Hund auf. Die Krankheit wird autosomal-rezessiv vererbt.<\/p><h4 class=\"header-4\"><strong><span>Breeds<\/span><\/strong><\/h4><p>Irischer Soft Coated Wheaten Terrier<\/p><\/div><div class=\"wrap-right\"><div class=\"wrap-toggle\"><div class=\"toggle-details\"><details><summary class=\"summary-details\">Order details<\/summary><table border=\"0\"><tr><td width=\"45%\"><span><strong>Test number<\/strong><\/span><\/td><td>8630<\/td><\/tr><tr><td><strong>Abbreviation<\/strong><\/td><td>PxD<\/td><\/tr><tr><td><strong>Sample material<\/strong><\/td><td>0,5 ml EDTA Blut, 2x Backenabstrich, 1x Spezialabstrich (eNAT)<\/td><\/tr><tr><td><strong>Test duration<\/strong><\/td><td>7-14 Werktage<\/td><\/tr><\/table><\/details><details><summary class=\"summary-specs\">Test specifications<\/summary><table border=\"0\"><tr><td width=\"45%\"><strong>Symptom complex<\/strong><\/td><td>neurologisch<\/td><\/tr><tr><td width=\"45%\"><strong>Inheritance<\/strong><\/td><td>autosomal-rezessiv<\/td><\/tr><tr><td width=\"45%\"><strong>Age of onset<\/strong><\/td><td>2 Jahre <\/td><\/tr><tr><td width=\"45%\"><strong>Causality<\/strong><\/td><td>urs\u00e4chlich<\/td><\/tr><tr><td width=\"45%\"><strong>Gene<\/strong><\/td><td>PIGN<\/td><\/tr><tr><td width=\"45%\"><strong>Mutation<\/strong><\/td><td>C-T<\/td><\/tr><tr><td width=\"45%\"><strong>Literature<\/strong><\/td><td><a href='https:\/\/www.omia.org\/OMIA002084\/9615\/' target='_blank'>OMIA:002084-9615<\/a><\/td><\/tr><\/table><\/details><\/div><div class=\"order-now\"><strong><a href=\"https:\/\/shop.labogen.com\">Order now ...<\/a><\/strong><\/div><\/div><\/div><div class=\"clear-both\"><\/div><\/div><div class=\"wrap-detailed\"><details><summary class=\"detail-summary\">Detailed description<\/summary><p class=\"detailed\">Pl\u00f6tzlich auftretende, unwillk\u00fcrliche, unregelm\u00e4\u00dfige Bewegungen, insbesondere der Hinterbeine (Hyperkinesien), treten beim Irish Soft-Coated Wheaten Terrier mit Paraxoysmale Dyskinesie (PxD) auf. Von der Erbkrankheit betroffene Tiere dieser Hunderasse haben diese \"anfallsartigen Bewegungsst\u00f6rungen\" ab einem Alter von 2 Jahren mehrmals t\u00e4glich(bis zu 10x\/Tag). Die Symptome verschlechtern sich im Laufe des Lebens und dauern Minuten bis Stunden. Die Muskelzuckungen der Beine (Extremit\u00e4ten) treten unvorhersehbar und ohne Grund beim betroffenen Hund auf. Die Krankheit wird autosomal-rezessiv vererbt.<\/p><\/details>\n","protected":false},"excerpt":{"rendered":"","protected":false},"author":1,"featured_media":0,"parent":6261,"menu_order":0,"comment_status":"closed","ping_status":"closed","template":"","meta":{"footnotes":""},"class_list":["post-218630","page","type-page","status-publish","hentry"],"_links":{"self":[{"href":"https:\/\/staging.laboklin.com\/labogen\/labogen_wp\/index.php\/wp-json\/wp\/v2\/pages\/218630","targetHints":{"allow":["GET"]}}],"collection":[{"href":"https:\/\/staging.laboklin.com\/labogen\/labogen_wp\/index.php\/wp-json\/wp\/v2\/pages"}],"about":[{"href":"https:\/\/staging.laboklin.com\/labogen\/labogen_wp\/index.php\/wp-json\/wp\/v2\/types\/page"}],"author":[{"embeddable":true,"href":"https:\/\/staging.laboklin.com\/labogen\/labogen_wp\/index.php\/wp-json\/wp\/v2\/users\/1"}],"replies":[{"embeddable":true,"href":"https:\/\/staging.laboklin.com\/labogen\/labogen_wp\/index.php\/wp-json\/wp\/v2\/comments?post=218630"}],"version-history":[{"count":0,"href":"https:\/\/staging.laboklin.com\/labogen\/labogen_wp\/index.php\/wp-json\/wp\/v2\/pages\/218630\/revisions"}],"up":[{"embeddable":true,"href":"https:\/\/staging.laboklin.com\/labogen\/labogen_wp\/index.php\/wp-json\/wp\/v2\/pages\/6261"}],"wp:attachment":[{"href":"https:\/\/staging.laboklin.com\/labogen\/labogen_wp\/index.php\/wp-json\/wp\/v2\/media?parent=218630"}],"curies":[{"name":"wp","href":"https:\/\/api.w.org\/{rel}","templated":true}]}}