{"id":218570,"date":"2024-09-12T07:23:53","date_gmt":"2024-09-12T05:23:53","guid":{"rendered":"http:\/\/staging.laboklin.com\/labogen\/labogen_wp\/paket-russell-terrier-1"},"modified":"2024-09-12T07:23:53","modified_gmt":"2024-09-12T05:23:53","slug":"paket-russell-terrier-1","status":"publish","type":"page","link":"https:\/\/staging.laboklin.com\/labogen\/labogen_wp\/index.php\/pakete-testkombinationen-hund\/paket-russell-terrier-1\/","title":{"rendered":"Paket Russell Terrier 1"},"content":{"rendered":"<div class=\"wrap-top\"><div class=\"wrap-left\"><h1 class=\"header-1\">Paket Russell Terrier 1<\/h1><h4><strong>General description<\/strong><\/h4><p class=\"bodytext\">enth\u00e4lt: Juvenile Enzephalopathie (JBD), Late onset Ataxie (LOA) and Spinocerebell\u00e4re Ataxie (SCA)<\/p><h4 class=\"header-4\"><strong><span>Breeds<\/span><\/strong><\/h4><p>Jack Russell Terrier, Parson Russell Terrier<\/p><\/div><div class=\"wrap-right\"><div class=\"wrap-toggle\"><div class=\"toggle-details\"><details><summary class=\"summary-details\">Order details<\/summary><table border=\"0\"><tr><td width=\"45%\"><span><strong>Test number<\/strong><\/span><\/td><td>8570<\/td><\/tr><tr><td><strong>Sample material<\/strong><\/td><td>0,5 ml EDTA Blut, 2x Backenabstrich, 1x Spezialabstrich (eNAT)<\/td><\/tr><tr><td><strong>Test duration<\/strong><\/td><td>3-5 Werktage<\/td><\/tr><\/table><\/details><details><summary class=\"summary-specs\">Test specifications<\/summary><table border=\"0\"><tr><td width=\"45%\"><strong>Inheritance<\/strong><\/td><td>Weitere Informationen finden Sie in der Beschreibung der jeweiligen Erbkrankheit.<\/td><\/tr><\/table><\/details><\/div><div class=\"order-now\"><strong><a href=\"https:\/\/shop.labogen.com\">Order now ...<\/a><\/strong><\/div><\/div><\/div><div class=\"clear-both\"><\/div><\/div><div class=\"wrap-detailed\"><details><summary class=\"detail-summary\">Detailed description<\/summary><p class=\"detailed\">Das Paket enth\u00e4lt folgende Tests: Late onset Ataxie (LOA; f\u00fchrt zu Bewegungseinschr\u00e4nkungen unter einem Jahr) und Spinocerebell\u00e4re Ataxie (SCA; f\u00fchrt zu fortschreitenden Bewegungseinschr\u00e4nkungen, maximale Lebenserwartung 3 Jahre)<\/p><\/details>\n","protected":false},"excerpt":{"rendered":"","protected":false},"author":1,"featured_media":0,"parent":10712,"menu_order":0,"comment_status":"closed","ping_status":"closed","template":"","meta":{"footnotes":""},"class_list":["post-218570","page","type-page","status-publish","hentry"],"_links":{"self":[{"href":"https:\/\/staging.laboklin.com\/labogen\/labogen_wp\/index.php\/wp-json\/wp\/v2\/pages\/218570","targetHints":{"allow":["GET"]}}],"collection":[{"href":"https:\/\/staging.laboklin.com\/labogen\/labogen_wp\/index.php\/wp-json\/wp\/v2\/pages"}],"about":[{"href":"https:\/\/staging.laboklin.com\/labogen\/labogen_wp\/index.php\/wp-json\/wp\/v2\/types\/page"}],"author":[{"embeddable":true,"href":"https:\/\/staging.laboklin.com\/labogen\/labogen_wp\/index.php\/wp-json\/wp\/v2\/users\/1"}],"replies":[{"embeddable":true,"href":"https:\/\/staging.laboklin.com\/labogen\/labogen_wp\/index.php\/wp-json\/wp\/v2\/comments?post=218570"}],"version-history":[{"count":0,"href":"https:\/\/staging.laboklin.com\/labogen\/labogen_wp\/index.php\/wp-json\/wp\/v2\/pages\/218570\/revisions"}],"up":[{"embeddable":true,"href":"https:\/\/staging.laboklin.com\/labogen\/labogen_wp\/index.php\/wp-json\/wp\/v2\/pages\/10712"}],"wp:attachment":[{"href":"https:\/\/staging.laboklin.com\/labogen\/labogen_wp\/index.php\/wp-json\/wp\/v2\/media?parent=218570"}],"curies":[{"name":"wp","href":"https:\/\/api.w.org\/{rel}","templated":true}]}}