{"id":218526,"date":"2024-09-12T07:23:46","date_gmt":"2024-09-12T05:23:46","guid":{"rendered":"http:\/\/staging.laboklin.com\/labogen\/labogen_wp\/cocoa-dunkelbraun-dark-chocolate"},"modified":"2024-09-12T07:23:46","modified_gmt":"2024-09-12T05:23:46","slug":"cocoa-dunkelbraun-dark-chocolate","status":"publish","type":"page","link":"https:\/\/staging.laboklin.com\/labogen\/labogen_wp\/index.php\/farbe-haarlaenge-haarstruktur-hund\/cocoa-dunkelbraun-dark-chocolate\/","title":{"rendered":"Cocoa (dunkelbraun, dark chocolate)"},"content":{"rendered":"<div class=\"wrap-top\"><div class=\"wrap-left\"><h1 class=\"header-1\">Cocoa (dunkelbraun, dark chocolate)<\/h1><h4><strong>General description<\/strong><\/h4><p class=\"bodytext\">Die rezessive genetische Variante \"cocoa\" l\u00f6st unabh\u00e4ngig vom B-Lokus eine braune Fellfarbe bei der Franz\u00f6sischen Bulldogge aus. <\/p><h4 class=\"header-4\"><strong><span>Breeds<\/span><\/strong><\/h4><p>Franz\u00f6sische Bulldogge<\/p><\/div><div class=\"wrap-right\"><div class=\"wrap-toggle\"><div class=\"toggle-details\"><details><summary class=\"summary-details\">Order details<\/summary><table border=\"0\"><tr><td width=\"45%\"><span><strong>Test number<\/strong><\/span><\/td><td>8526<\/td><\/tr><tr><td><strong>Sample material<\/strong><\/td><td>0,5 ml EDTA Blut, 2x Backenabstrich, 1x Spezialabstrich (eNAT)<\/td><\/tr><tr><td><strong>Test duration<\/strong><\/td><td>3-5 Werktage<\/td><\/tr><\/table><\/details><details><summary class=\"summary-specs\">Test specifications<\/summary><table border=\"0\"><tr><td width=\"45%\"><strong>Inheritance<\/strong><\/td><td>autosomal-rezessiv<\/td><\/tr><tr><td width=\"45%\"><strong>Gene<\/strong><\/td><td>HPS3<\/td><\/tr><tr><td width=\"45%\"><strong>Mutation<\/strong><\/td><td>G-A<\/td><\/tr><tr><td width=\"45%\"><strong>Literature<\/strong><\/td><td><a href='https:\/\/www.omia.org\/OMIA002275\/9615\/' target='_blank'>OMIA:002275-9615<\/a><\/td><\/tr><\/table><\/details><\/div><div class=\"order-now\"><strong><a href=\"https:\/\/shop.labogen.com\">Order now ...<\/a><\/strong><\/div><\/div><\/div><div class=\"clear-both\"><\/div><\/div><div class=\"wrap-detailed\"><details><summary class=\"detail-summary\">Detailed description<\/summary><p class=\"detailed\">Die rezessive genetische Variante \"cocoa\" l\u00f6st eine braune Fellfarbe bei der Franz\u00f6sischen Bulldogge aus, die von den bisher bekannten F\u00e4rbungen \u00fcber den B-Lokus optisch nicht zu unterscheiden ist. Cocoa liegt nicht am B-Lokus und ist nicht direkt mit den dort gefundenen Varianten kompatibel. Daher muss die braune Fellf\u00e4rbung durch cocoa separat betrachtet werden. Diese Variante ist daher eine m\u00f6gliche Erkl\u00e4rung f\u00fcr \"chocolate\"-farbene Bulldoggen, welche \u00fcber den B-Lokus nicht erkl\u00e4rt werden k\u00f6nnen. Bei Cocoa-Hunden wurde neben der Fellfarbvariante auch ein Funktionsdefekt der Thrombozyten festgestellt, die Gerinnungswerte der untersuchten Hunde liegen jedoch innerhalb des Referenzbereichs. Dennoch sollten, solange eine Blutungsneigung nicht sicher ausgeschlossen werden konnte, bei homozygoten Cocoa-Hunden Notfallmedikamente bereitgehalten werden, um in besonderen Situationen schnell eingreifen zu k\u00f6nnen.  Synonyme: Braun, Dunkelbraun, chocolate, dark chocolate, \"nicht testbares Schoko\"<\/p><\/details>\n","protected":false},"excerpt":{"rendered":"","protected":false},"author":1,"featured_media":0,"parent":10689,"menu_order":0,"comment_status":"closed","ping_status":"closed","template":"","meta":{"footnotes":""},"class_list":["post-218526","page","type-page","status-publish","hentry"],"_links":{"self":[{"href":"https:\/\/staging.laboklin.com\/labogen\/labogen_wp\/index.php\/wp-json\/wp\/v2\/pages\/218526","targetHints":{"allow":["GET"]}}],"collection":[{"href":"https:\/\/staging.laboklin.com\/labogen\/labogen_wp\/index.php\/wp-json\/wp\/v2\/pages"}],"about":[{"href":"https:\/\/staging.laboklin.com\/labogen\/labogen_wp\/index.php\/wp-json\/wp\/v2\/types\/page"}],"author":[{"embeddable":true,"href":"https:\/\/staging.laboklin.com\/labogen\/labogen_wp\/index.php\/wp-json\/wp\/v2\/users\/1"}],"replies":[{"embeddable":true,"href":"https:\/\/staging.laboklin.com\/labogen\/labogen_wp\/index.php\/wp-json\/wp\/v2\/comments?post=218526"}],"version-history":[{"count":0,"href":"https:\/\/staging.laboklin.com\/labogen\/labogen_wp\/index.php\/wp-json\/wp\/v2\/pages\/218526\/revisions"}],"up":[{"embeddable":true,"href":"https:\/\/staging.laboklin.com\/labogen\/labogen_wp\/index.php\/wp-json\/wp\/v2\/pages\/10689"}],"wp:attachment":[{"href":"https:\/\/staging.laboklin.com\/labogen\/labogen_wp\/index.php\/wp-json\/wp\/v2\/media?parent=218526"}],"curies":[{"name":"wp","href":"https:\/\/api.w.org\/{rel}","templated":true}]}}