{"id":218487,"date":"2024-09-12T07:23:50","date_gmt":"2024-09-12T05:23:50","guid":{"rendered":"http:\/\/staging.laboklin.com\/labogen\/labogen_wp\/leonberger-polyneuropathie-1-lpn1"},"modified":"2024-09-12T07:23:50","modified_gmt":"2024-09-12T05:23:50","slug":"leonberger-polyneuropathie-1-lpn1","status":"publish","type":"page","link":"https:\/\/staging.laboklin.com\/labogen\/labogen_wp\/index.php\/erbkrankheiten-hund\/leonberger-polyneuropathie-1-lpn1\/","title":{"rendered":"Leonberger Polyneuropathie 1 (LPN1)"},"content":{"rendered":"<div class=\"wrap-top\"><div class=\"wrap-left\"><h1 class=\"header-1\">Leonberger Polyneuropathie 1 (LPN1)<\/h1><h4><strong>General description<\/strong><\/h4><p class=\"bodytext\">Die Typ 1 Neuropathie (LPN1) beginnt in einem Alter von 2-4 Jahren und zeigt einen schweren Verlauf. Diese Polyneuropathie weist sich durch zunehmende Bewegungsintoleranz sowie einen unkoordinierten Gang, vor allem in der Hinterhand, aus. Zus\u00e4tzlich kommt es zu deutlichen Atemger\u00e4uschen, ver\u00e4ndertem Bellen und Schluckbeschwerden.<\/p><h4 class=\"header-4\"><strong><span>Breeds<\/span><\/strong><\/h4><p>Leonberger<\/p><\/div><div class=\"wrap-right\"><div class=\"wrap-toggle\"><div class=\"toggle-details\"><details><summary class=\"summary-details\">Order details<\/summary><table border=\"0\"><tr><td width=\"45%\"><span><strong>Test number<\/strong><\/span><\/td><td>8487<\/td><\/tr><tr><td><strong>Abbreviation<\/strong><\/td><td>LPN1<\/td><\/tr><tr><td><strong>Sample material<\/strong><\/td><td>0,5 ml EDTA Blut, 2x Backenabstrich, 1x Spezialabstrich (eNAT)<\/td><\/tr><tr><td><strong>Test duration<\/strong><\/td><td>7-14 Werktage<\/td><\/tr><\/table><\/details><details><summary class=\"summary-specs\">Test specifications<\/summary><table border=\"0\"><tr><td width=\"45%\"><strong>Symptom complex<\/strong><\/td><td>neurologisch<\/td><\/tr><tr><td width=\"45%\"><strong>Inheritance<\/strong><\/td><td>autosomal-rezessiv<\/td><\/tr><tr><td width=\"45%\"><strong>Age of onset<\/strong><\/td><td>unterschiedlich<\/td><\/tr><tr><td width=\"45%\"><strong>Causality<\/strong><\/td><td>urs\u00e4chlich<\/td><\/tr><tr><td width=\"45%\"><strong>Gene<\/strong><\/td><td>ARHGEF10<\/td><\/tr><tr><td width=\"45%\"><strong>Mutation<\/strong><\/td><td>DEL<\/td><\/tr><tr><td width=\"45%\"><strong>Literature<\/strong><\/td><td><a href='https:\/\/www.omia.org\/OMIA001917\/9615\/' target='_blank'>OMIA:001917-9615<\/a><\/td><\/tr><\/table><\/details><\/div><div class=\"order-now\"><strong><a href=\"https:\/\/shop.labogen.com\">Order now ...<\/a><\/strong><\/div><\/div><\/div><div class=\"clear-both\"><\/div><\/div><div class=\"wrap-detailed\"><details><summary class=\"detail-summary\">Detailed description<\/summary><p class=\"detailed\">Die Polyneuropathie ist eine Erkrankung der peripheren Nerven (der au\u00dferhalb des Gehirns und R\u00fcckenmarks gelegenen Nerven) und verursacht bei Hunden variable klinische Symptome. Sie kann in unterschiedlichem Alter auftreten. Dabei zeigen sich zunehmende Bewegungsst\u00f6rungen und ein unkoordinierter, manchmal unbeholfen wirkender Gang vor allem der hinteren Beine (Hinterhand). Im sp\u00e4teren Verlauf k\u00f6nnen die Tiere kaum noch ihr eigenes Gewicht tragen. Auch starke Atemger\u00e4usche, ein ver\u00e4ndertes Bellen und Schluckbeschwerden treten auf. In ca. 11% der F\u00e4lle bei der Rasse Leonberger tritt der Typ1 (LPN1) Polyneuropathie auf, welcher sich durch einen schweren Krankheitsverlauf auszeichnet. Ursache ist hierbei eine Ver\u00e4nderung des Erbguts (Mutation) im ARHGEF10 Gen. Eine zweite Polyneuropathie-Form beim Leonberger (LPN2) wird durch eine Mutation des GJA9-Gens verursacht. Das hier durch betroffene GJA9-Protein (ein Mitglied der Connexin-Gap Junction-Familie, welche ein wichtiger Bestandteil peripherer myelinisierter Nervenfasern sind) besitzt eine wichtige Funktion bei der Signal\u00fcbertragung bzw. -weiterleitung von Nervensignalen. Das durchschnittliche Alter zum Zeitpunkt der Erkrankung  betr\u00e4gt bei der LPN2 etwa 6 Jahre. Dieser Typ verursacht circa 21% aller Polyneuropathie-F\u00e4lle beim Leonberger. Neben diesen beiden Mutationen gibt es weitere unbekannte urs\u00e4chliche Mutationen.<\/p><\/details>\n","protected":false},"excerpt":{"rendered":"","protected":false},"author":1,"featured_media":0,"parent":6261,"menu_order":0,"comment_status":"closed","ping_status":"closed","template":"","meta":{"footnotes":""},"class_list":["post-218487","page","type-page","status-publish","hentry"],"_links":{"self":[{"href":"https:\/\/staging.laboklin.com\/labogen\/labogen_wp\/index.php\/wp-json\/wp\/v2\/pages\/218487","targetHints":{"allow":["GET"]}}],"collection":[{"href":"https:\/\/staging.laboklin.com\/labogen\/labogen_wp\/index.php\/wp-json\/wp\/v2\/pages"}],"about":[{"href":"https:\/\/staging.laboklin.com\/labogen\/labogen_wp\/index.php\/wp-json\/wp\/v2\/types\/page"}],"author":[{"embeddable":true,"href":"https:\/\/staging.laboklin.com\/labogen\/labogen_wp\/index.php\/wp-json\/wp\/v2\/users\/1"}],"replies":[{"embeddable":true,"href":"https:\/\/staging.laboklin.com\/labogen\/labogen_wp\/index.php\/wp-json\/wp\/v2\/comments?post=218487"}],"version-history":[{"count":0,"href":"https:\/\/staging.laboklin.com\/labogen\/labogen_wp\/index.php\/wp-json\/wp\/v2\/pages\/218487\/revisions"}],"up":[{"embeddable":true,"href":"https:\/\/staging.laboklin.com\/labogen\/labogen_wp\/index.php\/wp-json\/wp\/v2\/pages\/6261"}],"wp:attachment":[{"href":"https:\/\/staging.laboklin.com\/labogen\/labogen_wp\/index.php\/wp-json\/wp\/v2\/media?parent=218487"}],"curies":[{"name":"wp","href":"https:\/\/api.w.org\/{rel}","templated":true}]}}