{"id":218475,"date":"2024-09-12T07:23:50","date_gmt":"2024-09-12T05:23:50","guid":{"rendered":"http:\/\/staging.laboklin.com\/labogen\/labogen_wp\/imerslund-graesbeck-syndrom-igs"},"modified":"2024-09-12T07:23:50","modified_gmt":"2024-09-12T05:23:50","slug":"imerslund-graesbeck-syndrom-igs","status":"publish","type":"page","link":"https:\/\/staging.laboklin.com\/labogen\/labogen_wp\/index.php\/erbkrankheiten-hund\/imerslund-graesbeck-syndrom-igs\/","title":{"rendered":"Imerslund-Gr\u00e4sbeck Syndrom (IGS)"},"content":{"rendered":"<div class=\"wrap-top\"><div class=\"wrap-left\"><h1 class=\"header-1\">Imerslund-Gr\u00e4sbeck Syndrom (IGS)<\/h1><h4><strong>General description<\/strong><\/h4><p class=\"bodytext\">Das Imerslund-Gr\u00e4sbeck-Syndrom (IGS) ist gekennzeichnet durch die Malabsorption von Vitamin B12 aus der Nahrung. Der chronische Cobalamin-Mangel f\u00fchrt zu Ver\u00e4nderungen im Blutsystem und neurologischen Ausf\u00e4llen aufgrund irreversibler Sch\u00e4digungen des Gehirns und Nervensystems. IGS kann durch eine fr\u00fchzeitige und regelm\u00e4\u00dfige Substitution von Vitamin B12 therapiert werden. <\/p><h4 class=\"header-4\"><strong><span>Breeds<\/span><\/strong><\/h4><p>Australian Shepherd, Beagle, Border Collie, Komondor, Miniature American Shepherd<\/p><\/div><div class=\"wrap-right\"><div class=\"wrap-toggle\"><div class=\"toggle-details\"><details><summary class=\"summary-details\">Order details<\/summary><table border=\"0\"><tr><td width=\"45%\"><span><strong>Test number<\/strong><\/span><\/td><td>8475<\/td><\/tr><tr><td><strong>Sample material<\/strong><\/td><td>0,5 ml EDTA Blut, 2x Backenabstrich, 1x Spezialabstrich (eNAT)<\/td><\/tr><tr><td><strong>Test duration<\/strong><\/td><td>7-14 Werktage<\/td><\/tr><\/table><\/details><details><summary class=\"summary-specs\">Test specifications<\/summary><table border=\"0\"><tr><td width=\"45%\"><strong>Inheritance<\/strong><\/td><td>autosomal-rezessiv<\/td><\/tr><\/table><\/details><\/div><div class=\"order-now\"><strong><a href=\"https:\/\/shop.labogen.com\">Order now ...<\/a><\/strong><\/div><\/div><\/div><div class=\"clear-both\"><\/div><\/div><div class=\"wrap-detailed\"><details><summary class=\"detail-summary\">Detailed description<\/summary><p class=\"detailed\"><p>Das <strong>Imerslund Gr\u00e4sbeck Syndrom (IGS)<\/strong> ist eine erblich bedingte <strong>St\u00f6rung der Vitamin B12 Aufnahme<\/strong> (Cobalamin-Malabsorption). Betroffene Hunde k\u00f6nnen Vitamin B12 (Cobalamin) trotz normaler F\u00fctterung nicht aus dem Darm ins Blut aufnehmen. Dadurch entsteht ein chronischer Cobalamin-Mangel, der das Blutbildungssystem beeintr\u00e4chtigt und so zu <strong>Blutarmut (An\u00e4mie)<\/strong> und <strong>neurologischen Ausf\u00e4llen<\/strong> f\u00fchren kann.  Unbehandelt drohen dauerhafte (irreversible) <strong>Sch\u00e4den an Gehirn und Nervensystem<\/strong>.<\/p><p>Typische Symptome zeigen sich meist im fr\u00fchen Welpenalter zwischen <strong>etwa 6 und 12 Wochen<\/strong>, wenn die k\u00f6rpereigenen Cobalamin-Speicher ersch\u00f6pft sind. H\u00e4ufige Anzeichen sind <strong>unzureichende Gewichtszunahme und Wachstumsverz\u00f6gerung (Gedeihst\u00f6rung), Gewichtsverlust, M\u00fcdigkeit (Lethargie), Appetitlosigkeit, Blutarmut (An\u00e4mie)<\/strong> sowie <strong>allgemeine Schw\u00e4che<\/strong>. In einigen F\u00e4llen wird zus\u00e4tzlich Eiwei\u00df im Urin (Proteinurie) festgestellt.<\/p><p>Das Imerslund Gr\u00e4sbeck Syndrom ist nicht heilbar, kann jedoch bei fr\u00fchzeitiger Diagnose durch eine konsequente und lebenslange Vitamin B12 Substitution sehr gut kontrolliert werden. Betroffene Hunde k\u00f6nnen unter entsprechender Therapie eine gute Lebensqualit\u00e4t erreichen.<\/p><\/p><\/details>\n","protected":false},"excerpt":{"rendered":"","protected":false},"author":1,"featured_media":0,"parent":6261,"menu_order":0,"comment_status":"closed","ping_status":"closed","template":"","meta":{"footnotes":""},"class_list":["post-218475","page","type-page","status-publish","hentry"],"_links":{"self":[{"href":"https:\/\/staging.laboklin.com\/labogen\/labogen_wp\/index.php\/wp-json\/wp\/v2\/pages\/218475","targetHints":{"allow":["GET"]}}],"collection":[{"href":"https:\/\/staging.laboklin.com\/labogen\/labogen_wp\/index.php\/wp-json\/wp\/v2\/pages"}],"about":[{"href":"https:\/\/staging.laboklin.com\/labogen\/labogen_wp\/index.php\/wp-json\/wp\/v2\/types\/page"}],"author":[{"embeddable":true,"href":"https:\/\/staging.laboklin.com\/labogen\/labogen_wp\/index.php\/wp-json\/wp\/v2\/users\/1"}],"replies":[{"embeddable":true,"href":"https:\/\/staging.laboklin.com\/labogen\/labogen_wp\/index.php\/wp-json\/wp\/v2\/comments?post=218475"}],"version-history":[{"count":0,"href":"https:\/\/staging.laboklin.com\/labogen\/labogen_wp\/index.php\/wp-json\/wp\/v2\/pages\/218475\/revisions"}],"up":[{"embeddable":true,"href":"https:\/\/staging.laboklin.com\/labogen\/labogen_wp\/index.php\/wp-json\/wp\/v2\/pages\/6261"}],"wp:attachment":[{"href":"https:\/\/staging.laboklin.com\/labogen\/labogen_wp\/index.php\/wp-json\/wp\/v2\/media?parent=218475"}],"curies":[{"name":"wp","href":"https:\/\/api.w.org\/{rel}","templated":true}]}}