{"id":218467,"date":"2024-09-12T07:23:50","date_gmt":"2024-09-12T05:23:50","guid":{"rendered":"http:\/\/staging.laboklin.com\/labogen\/labogen_wp\/finnish-hound-ataxie-fha"},"modified":"2024-09-12T07:23:50","modified_gmt":"2024-09-12T05:23:50","slug":"finnish-hound-ataxie-fha","status":"publish","type":"page","link":"https:\/\/staging.laboklin.com\/labogen\/labogen_wp\/index.php\/erbkrankheiten-hund\/finnish-hound-ataxie-fha\/","title":{"rendered":"Finnish Hound Ataxie (FHA)"},"content":{"rendered":"<div class=\"wrap-top\"><div class=\"wrap-left\"><h1 class=\"header-1\">Finnish Hound Ataxie (FHA)<\/h1><h4><strong>General description<\/strong><\/h4><p class=\"bodytext\">Von der Finnish Hound Ataxie betroffene Tiere leiden unter einer sich stetig verschlimmernden St\u00f6rung des Bewegungsapparates. Neben anf\u00e4nglichen Koordinationsproblemen und Gleichgewichtsproblemen sowie Zittern kann dies bis zur v\u00f6lligen Bewegungsunf\u00e4higkeit f\u00fchren. Betroffene Tiere entwickeln die Symptome in der Regel zwischen dem 4. und 12. Lebenswoche.<\/p><h4 class=\"header-4\"><strong><span>Breeds<\/span><\/strong><\/h4><p>Finnischer Laufhund, Norrbottenspitz<\/p><\/div><div class=\"wrap-right\"><div class=\"wrap-toggle\"><div class=\"toggle-details\"><details><summary class=\"summary-details\">Order details<\/summary><table border=\"0\"><tr><td width=\"45%\"><span><strong>Test number<\/strong><\/span><\/td><td>8467<\/td><\/tr><tr><td><strong>Abbreviation<\/strong><\/td><td>FHA<\/td><\/tr><tr><td><strong>Sample material<\/strong><\/td><td>0,5 ml EDTA Blut, 2x Backenabstrich, 1x Spezialabstrich (eNAT)<\/td><\/tr><tr><td><strong>Test duration<\/strong><\/td><td>3-5 Werktage<\/td><\/tr><\/table><\/details><details><summary class=\"summary-specs\">Test specifications<\/summary><table border=\"0\"><tr><td width=\"45%\"><strong>Symptom complex<\/strong><\/td><td>neurologisch<\/td><\/tr><tr><td width=\"45%\"><strong>Inheritance<\/strong><\/td><td>autosomal-rezessiv<\/td><\/tr><tr><td width=\"45%\"><strong>Age of onset<\/strong><\/td><td>4-12 Wochen <\/td><\/tr><tr><td width=\"45%\"><strong>Causality<\/strong><\/td><td>urs\u00e4chlich<\/td><\/tr><tr><td width=\"45%\"><strong>Gene<\/strong><\/td><td>SEL1L<\/td><\/tr><tr><td width=\"45%\"><strong>Mutation<\/strong><\/td><td>A-G<\/td><\/tr><tr><td width=\"45%\"><strong>Literature<\/strong><\/td><td><a href='https:\/\/www.omia.org\/OMIA001692\/9615\/' target='_blank'>OMIA:001692-9615<\/a><\/td><\/tr><\/table><\/details><\/div><div class=\"order-now\"><strong><a href=\"https:\/\/shop.labogen.com\">Order now ...<\/a><\/strong><\/div><\/div><\/div><div class=\"clear-both\"><\/div><\/div><div class=\"wrap-detailed\"><details><summary class=\"detail-summary\">Detailed description<\/summary><p class=\"detailed\">Die Finnish Hound Ataxie (FHA) verursacht eine sich stetig verschlimmernde St\u00f6rung des Bewegungsapparates. Ausl\u00f6ser ist eine angeborene Genver\u00e4nderung (Variante im SEL1L-Gen) . Anf\u00e4ngliche Symptome sind Koordinationsschwierigkeiten und Gleichgewichtsprobleme sowie Zittern. Im weiteren Verlauf verschlimmert sich die angeborene Erkrankung stetig und kann zur v\u00f6lligen Bewegungsunf\u00e4higkeit (L\u00e4hmung) f\u00fchren. Betroffene Hunde entwickeln die Symptome in der Regel zwischen der 4. und 12. Lebenswoche.<\/p><\/details>\n","protected":false},"excerpt":{"rendered":"","protected":false},"author":1,"featured_media":0,"parent":6261,"menu_order":0,"comment_status":"closed","ping_status":"closed","template":"","meta":{"footnotes":""},"class_list":["post-218467","page","type-page","status-publish","hentry"],"_links":{"self":[{"href":"https:\/\/staging.laboklin.com\/labogen\/labogen_wp\/index.php\/wp-json\/wp\/v2\/pages\/218467","targetHints":{"allow":["GET"]}}],"collection":[{"href":"https:\/\/staging.laboklin.com\/labogen\/labogen_wp\/index.php\/wp-json\/wp\/v2\/pages"}],"about":[{"href":"https:\/\/staging.laboklin.com\/labogen\/labogen_wp\/index.php\/wp-json\/wp\/v2\/types\/page"}],"author":[{"embeddable":true,"href":"https:\/\/staging.laboklin.com\/labogen\/labogen_wp\/index.php\/wp-json\/wp\/v2\/users\/1"}],"replies":[{"embeddable":true,"href":"https:\/\/staging.laboklin.com\/labogen\/labogen_wp\/index.php\/wp-json\/wp\/v2\/comments?post=218467"}],"version-history":[{"count":0,"href":"https:\/\/staging.laboklin.com\/labogen\/labogen_wp\/index.php\/wp-json\/wp\/v2\/pages\/218467\/revisions"}],"up":[{"embeddable":true,"href":"https:\/\/staging.laboklin.com\/labogen\/labogen_wp\/index.php\/wp-json\/wp\/v2\/pages\/6261"}],"wp:attachment":[{"href":"https:\/\/staging.laboklin.com\/labogen\/labogen_wp\/index.php\/wp-json\/wp\/v2\/media?parent=218467"}],"curies":[{"name":"wp","href":"https:\/\/api.w.org\/{rel}","templated":true}]}}