{"id":218429,"date":"2024-09-12T07:23:50","date_gmt":"2024-09-12T05:23:50","guid":{"rendered":"http:\/\/staging.laboklin.com\/labogen\/labogen_wp\/nekrotisierende-meningoenzephalitis-nme-pde"},"modified":"2024-09-12T07:23:50","modified_gmt":"2024-09-12T05:23:50","slug":"nekrotisierende-meningoenzephalitis-nme-pde","status":"publish","type":"page","link":"https:\/\/staging.laboklin.com\/labogen\/labogen_wp\/index.php\/erbkrankheiten-hund\/nekrotisierende-meningoenzephalitis-nme-pde\/","title":{"rendered":"Nekrotisierende Meningoenzephalitis (NME\/PDE)"},"content":{"rendered":"<div class=\"wrap-top\"><div class=\"wrap-left\"><h1 class=\"header-1\">Nekrotisierende Meningoenzephalitis (NME\/PDE)<\/h1><h4><strong>General description<\/strong><\/h4><p class=\"bodytext\">Die Enzephalitis beim Mops ist eine erbliche Autoimmunerkrankung, die sich in einer schweren Entz\u00fcndung des zentralen Nervensystems \u00e4u\u00dfert. Erste Symptome \u00e4u\u00dfern sich in Orientierungslosigkeit, Kr\u00e4mpfen und Zusammenbr\u00fcchen. Erkrankte Hunde neigen oder sch\u00fctteln ihren Kopf, zittern, zeigen einen wackeligen Gang, stolpern und fallen h\u00e4ufig. V\u00f6llige Verwirrung und Koma sind sp\u00e4te Symptome. Der Hund stirbt 3-6 Monate nach dem Auftreten der ersten Symptome. Es handelt sich hier um einen Markertest.<\/p><h4 class=\"header-4\"><strong><span>Breeds<\/span><\/strong><\/h4><p>Mops<\/p><\/div><div class=\"wrap-right\"><div class=\"wrap-toggle\"><div class=\"toggle-details\"><details><summary class=\"summary-details\">Order details<\/summary><table border=\"0\"><tr><td width=\"45%\"><span><strong>Test number<\/strong><\/span><\/td><td>8429<\/td><\/tr><tr><td><strong>Abbreviation<\/strong><\/td><td>NME\/PDE<\/td><\/tr><tr><td><strong>Sample material<\/strong><\/td><td>0,5 ml EDTA Blut, 2x Backenabstrich, 1x Spezialabstrich (eNAT)<\/td><\/tr><tr><td><strong>Test duration<\/strong><\/td><td>7-14 Werktage<\/td><\/tr><\/table><\/details><details><summary class=\"summary-specs\">Test specifications<\/summary><table border=\"0\"><tr><td width=\"45%\"><strong>Symptom complex<\/strong><\/td><td>neurologisch<\/td><\/tr><tr><td width=\"45%\"><strong>Inheritance<\/strong><\/td><td>autosomal-rezessiv mit unvollst\u00e4ndiger Penetranz; Nachgewiesen wird ein Risikofaktor, der mit PDE assoziiert ist.<\/td><\/tr><tr><td width=\"45%\"><strong>Age of onset<\/strong><\/td><td>6 Monate- 3 Jahre <\/td><\/tr><tr><td width=\"45%\"><strong>Causality<\/strong><\/td><td>Hochrisikofaktor<\/td><\/tr><tr><td width=\"45%\"><strong>Gene<\/strong><\/td><td>DLA-DPB1<\/td><\/tr><tr><td width=\"45%\"><strong>Mutation<\/strong><\/td><td>DEL<\/td><\/tr><tr><td width=\"45%\"><strong>Literature<\/strong><\/td><td><a href='https:\/\/www.omia.org\/OMIA001470\/9615\/' target='_blank'>OMIA:001470-9615<\/a><\/td><\/tr><\/table><\/details><\/div><div class=\"order-now\"><strong><a href=\"https:\/\/shop.labogen.com\">Order now ...<\/a><\/strong><\/div><\/div><\/div><div class=\"clear-both\"><\/div><\/div><div class=\"wrap-detailed\"><details><summary class=\"detail-summary\">Detailed description<\/summary><p class=\"detailed\">Eine Form der Erkrankung des zentralen Nevernsystems (ZNS) bei der Hunderasse Mops ist die Nekrotisierende Meningoenzephalitis (NME\/PDE). Die erbliche Autoimmunerkrankung tritt erstmals im Alter von 6 Monaten bis zu 3 Jahren auf. Die Krankheit endet bereits  3-6 Monate nach dem  Auftreten der ersten Symptome t\u00f6dlich. Bei dieser Form der Enzephalitits wird das Gehirn durch eine \u00fcberschie\u00dfende Reaktion der eignen Immun-Abwehrzellen gesch\u00e4digt. Die so entstehende Entz\u00fcndung des Gehirns \u00e4u\u00dfert sich in Orientierungslosigkeit, Kr\u00e4mpfen, wackeligem Gang,  hinfallen und Zusammenbr\u00fcchen (Kollaps). Im Endstadium zeigen sich Verwirrung und Koma. H\u00e4ufig laufen die Hunde im Kreis und sch\u00fctteln ihren Kopf, um den Druck und die Schmerzen abzubauen.<\/p><\/details>\n","protected":false},"excerpt":{"rendered":"","protected":false},"author":1,"featured_media":0,"parent":6261,"menu_order":0,"comment_status":"closed","ping_status":"closed","template":"","meta":{"footnotes":""},"class_list":["post-218429","page","type-page","status-publish","hentry"],"_links":{"self":[{"href":"https:\/\/staging.laboklin.com\/labogen\/labogen_wp\/index.php\/wp-json\/wp\/v2\/pages\/218429","targetHints":{"allow":["GET"]}}],"collection":[{"href":"https:\/\/staging.laboklin.com\/labogen\/labogen_wp\/index.php\/wp-json\/wp\/v2\/pages"}],"about":[{"href":"https:\/\/staging.laboklin.com\/labogen\/labogen_wp\/index.php\/wp-json\/wp\/v2\/types\/page"}],"author":[{"embeddable":true,"href":"https:\/\/staging.laboklin.com\/labogen\/labogen_wp\/index.php\/wp-json\/wp\/v2\/users\/1"}],"replies":[{"embeddable":true,"href":"https:\/\/staging.laboklin.com\/labogen\/labogen_wp\/index.php\/wp-json\/wp\/v2\/comments?post=218429"}],"version-history":[{"count":0,"href":"https:\/\/staging.laboklin.com\/labogen\/labogen_wp\/index.php\/wp-json\/wp\/v2\/pages\/218429\/revisions"}],"up":[{"embeddable":true,"href":"https:\/\/staging.laboklin.com\/labogen\/labogen_wp\/index.php\/wp-json\/wp\/v2\/pages\/6261"}],"wp:attachment":[{"href":"https:\/\/staging.laboklin.com\/labogen\/labogen_wp\/index.php\/wp-json\/wp\/v2\/media?parent=218429"}],"curies":[{"name":"wp","href":"https:\/\/api.w.org\/{rel}","templated":true}]}}