{"id":218405,"date":"2024-09-12T07:23:46","date_gmt":"2024-09-12T05:23:46","guid":{"rendered":"http:\/\/staging.laboklin.com\/labogen\/labogen_wp\/improper-coat"},"modified":"2024-09-12T07:23:46","modified_gmt":"2024-09-12T05:23:46","slug":"improper-coat","status":"publish","type":"page","link":"https:\/\/staging.laboklin.com\/labogen\/labogen_wp\/index.php\/farbe-haarlaenge-haarstruktur-hund\/improper-coat\/","title":{"rendered":"Improper Coat"},"content":{"rendered":"<div class=\"wrap-top\"><div class=\"wrap-left\"><h1 class=\"header-1\">Improper Coat<\/h1><h4><strong>General description<\/strong><\/h4><p class=\"bodytext\">Bei einigen Hunderassen ist - unabh\u00e4ngig von der L\u00e4nge des Deckhaars - das Gen RSPO2 ma\u00dfgebend f\u00fcr die Variante \"Rauhhaar\". Bei diesen Hunden mit der Genvariante Furnishing sind die Haare an Bart und Augenbrauen deutlich l\u00e4nger als das \u00fcbrige Deckhaar. Das Furnishing-Allel wird dominant \u00fcber das \"unfurnished\" (=\"satin\")-Allel vererbt, d.h. ein rauhhaariger Hund kann Tr\u00e4ger von satin sein. Bei der Verpaarung zweier solcher Tr\u00e4gertiere k\u00f6nnen dann Welpen ohne furnishing fallen. Diese Fellvariante wird beim Portugiesischen Wasserhund auch \"Improper Coat\" genannt.<\/p><h4 class=\"header-4\"><strong><span>Breeds<\/span><\/strong><\/h4><p>Portugiesischer Wasserhund<\/p><\/div><div class=\"wrap-right\"><div class=\"wrap-toggle\"><div class=\"toggle-details\"><details><summary class=\"summary-details\">Order details<\/summary><table border=\"0\"><tr><td width=\"45%\"><span><strong>Test number<\/strong><\/span><\/td><td>8405<\/td><\/tr><tr><td><strong>Sample material<\/strong><\/td><td>0,5 ml EDTA Blut, 2x Backenabstrich, 1x Spezialabstrich (eNAT)<\/td><\/tr><tr><td><strong>Test duration<\/strong><\/td><td>7-14 Werktage<\/td><\/tr><\/table><\/details><details><summary class=\"summary-specs\">Test specifications<\/summary><table border=\"0\"><tr><td width=\"45%\"><strong>Inheritance<\/strong><\/td><td>Allelische Reihe: F dominant \u00fcber f, N dominant \u00fcber IC<\/td><\/tr><tr><td width=\"45%\"><strong>Gene<\/strong><\/td><td>RSPO2<\/td><\/tr><tr><td width=\"45%\"><strong>Mutation<\/strong><\/td><td>COMPLEX<\/td><\/tr><tr><td width=\"45%\"><strong>Literature<\/strong><\/td><td><a href='https:\/\/www.omia.org\/OMIA001498\/9615\/' target='_blank'>OMIA:001498-9615<\/a><\/td><\/tr><\/table><\/details><\/div><div class=\"order-now\"><strong><a href=\"https:\/\/shop.labogen.com\">Order now ...<\/a><\/strong><\/div><\/div><\/div><div class=\"clear-both\"><\/div><\/div><div class=\"wrap-detailed\"><details><summary class=\"detail-summary\">Detailed description<\/summary><p class=\"detailed\">F\u00fcr einige Rauhaar-Hunderassen ist das Gen RSPO2 ma\u00dfgeblich. Dieses ist unabh\u00e4ngig von der L\u00e4nge des Deckhaars und tritt in zwei Varianten auf. Hunde welche die Genvariante (Allel) \"Furnishing\" besitzen, weisen dabei l\u00e4ngere Haare an Bart und Augenbrauen auf. Dieses Allel wird dominant \u00fcber die entgegengesetzte Variante \"unfurnished\" (=\"satin\") vererbt, d.h. wenn ein Hund beide Allele mischerbig besitzt (von beiden Elterntieren), wird sein Aussehen dem rauhhaarigen Typ entsprechen. Bei der Verpaarung zweier solcher Tr\u00e4gertiere k\u00f6nnen dann Welpen ohne furnishing auftreten, wenn sie von beiden Eltern jeweils die Variante satin vererbt bekommen. Diese Fellvariante ohne Auspr\u00e4gung der Rauhaarigkeit wird beim Portugiesischen Wasserhund auch \"Improper Coat\" genannt.<\/p><\/details>\n","protected":false},"excerpt":{"rendered":"","protected":false},"author":1,"featured_media":0,"parent":10689,"menu_order":0,"comment_status":"closed","ping_status":"closed","template":"","meta":{"footnotes":""},"class_list":["post-218405","page","type-page","status-publish","hentry"],"_links":{"self":[{"href":"https:\/\/staging.laboklin.com\/labogen\/labogen_wp\/index.php\/wp-json\/wp\/v2\/pages\/218405","targetHints":{"allow":["GET"]}}],"collection":[{"href":"https:\/\/staging.laboklin.com\/labogen\/labogen_wp\/index.php\/wp-json\/wp\/v2\/pages"}],"about":[{"href":"https:\/\/staging.laboklin.com\/labogen\/labogen_wp\/index.php\/wp-json\/wp\/v2\/types\/page"}],"author":[{"embeddable":true,"href":"https:\/\/staging.laboklin.com\/labogen\/labogen_wp\/index.php\/wp-json\/wp\/v2\/users\/1"}],"replies":[{"embeddable":true,"href":"https:\/\/staging.laboklin.com\/labogen\/labogen_wp\/index.php\/wp-json\/wp\/v2\/comments?post=218405"}],"version-history":[{"count":0,"href":"https:\/\/staging.laboklin.com\/labogen\/labogen_wp\/index.php\/wp-json\/wp\/v2\/pages\/218405\/revisions"}],"up":[{"embeddable":true,"href":"https:\/\/staging.laboklin.com\/labogen\/labogen_wp\/index.php\/wp-json\/wp\/v2\/pages\/10689"}],"wp:attachment":[{"href":"https:\/\/staging.laboklin.com\/labogen\/labogen_wp\/index.php\/wp-json\/wp\/v2\/media?parent=218405"}],"curies":[{"name":"wp","href":"https:\/\/api.w.org\/{rel}","templated":true}]}}