{"id":218308,"date":"2024-09-12T07:23:49","date_gmt":"2024-09-12T05:23:49","guid":{"rendered":"http:\/\/staging.laboklin.com\/labogen\/labogen_wp\/neuroaxonale-dystrophie-nad"},"modified":"2024-09-12T07:23:49","modified_gmt":"2024-09-12T05:23:49","slug":"neuroaxonale-dystrophie-nad","status":"publish","type":"page","link":"https:\/\/staging.laboklin.com\/labogen\/labogen_wp\/index.php\/erbkrankheiten-hund\/neuroaxonale-dystrophie-nad\/","title":{"rendered":"Neuroaxonale Dystrophie (NAD)"},"content":{"rendered":"<div class=\"wrap-top\"><div class=\"wrap-left\"><h1 class=\"header-1\">Neuroaxonale Dystrophie (NAD)<\/h1><h4><strong>General description<\/strong><\/h4><p class=\"bodytext\">Als Neuroaxonale Dystrophie (NAD) wird eine heterogene Gruppe neurodegenerativer Erkrankungen bezeichnet. Es konnten bereits mehrere genetische Varianten als Ursache einer NAD bei unterschiedlichen Hunderassen identifiziert werden. M\u00f6gliche Symptome sind Intentionstremor, Gangauff\u00e4lligkeiten, Koordinationsprobleme, Schw\u00e4che der Gliedma\u00dfen, Astasie (Unf\u00e4higkeit zu Stehen), Schielen und Schwierigkeiten bei der Nahrungsaufnahme. Die Symptome verst\u00e4rken sich im Verlauf bis hin zur zerebell\u00e4ren Ataxie und Tetraplegie. Bei den Rassen Spanischer Wasserhund und Lagotto Romagnolo wurden zus\u00e4tzlich Verhaltensver\u00e4nderungen und Inkontinenz beschrieben. <\/p><h4 class=\"header-4\"><strong><span>Breeds<\/span><\/strong><\/h4><p>Lagotto Romagnolo, Miniature American Shepherd, Papillon, Rottweiler, Spanischer Wasserhund<\/p><\/div><div class=\"wrap-right\"><div class=\"wrap-toggle\"><div class=\"toggle-details\"><details><summary class=\"summary-details\">Order details<\/summary><table border=\"0\"><tr><td width=\"45%\"><span><strong>Test number<\/strong><\/span><\/td><td>8308<\/td><\/tr><tr><td><strong>Sample material<\/strong><\/td><td>0,5 ml EDTA Blut, 2x Backenabstrich, 1x Spezialabstrich (eNAT)<\/td><\/tr><tr><td><strong>Test duration<\/strong><\/td><td>3-5 Werktage<\/td><\/tr><\/table><\/details><details><summary class=\"summary-specs\">Test specifications<\/summary><table border=\"0\"><tr><td width=\"45%\"><strong>Inheritance<\/strong><\/td><td>autosomal-rezessiv<\/td><\/tr><\/table><\/details><\/div><div class=\"order-now\"><strong><a href=\"https:\/\/shop.labogen.com\">Order now ...<\/a><\/strong><\/div><\/div><\/div><div class=\"clear-both\"><\/div><\/div><div class=\"wrap-detailed\"><details><summary class=\"detail-summary\">Detailed description<\/summary><p class=\"detailed\">Als Neuroaxonale Dystrophie (NAD) wird eine heterogene Gruppe neurodegenerativer Erkrankungen bezeichnet, die bei verschiedenen S\u00e4ugetierarten beschrieben wurde. Neben der erblich bedingten Form (prim\u00e4re NAD) kann die Erkrankung auch in Folge eines Traumas, einer Infektion oder durch Kontakt mit Toxinen ausgel\u00f6st werden (sekund\u00e4re NAD).  In den unterschiedlichen Spezies konnten mehrere genetische Varianten als Ursache einer NAD identifiziert werden. Die Auswirkungen der jeweiligen NAD h\u00e4ngen dabei sowohl vom Beginn der Erkrankung, dem klinischen Erscheinungsbild und der spezifischen Variante ab. Allen gemeinsam sind jedoch stark ausgepr\u00e4gte Schwellungen der Axone (sogenannte \u201eSpheroide\u201c) im zentralen und\/oder peripheren Nervensystem, eine Atrophie (Gewebeschwund) der distalen Axone und eine sekund\u00e4re Myelin-Degeneration als charakteristische Symptome einer NAD.   <\/p><\/details>\n","protected":false},"excerpt":{"rendered":"","protected":false},"author":1,"featured_media":0,"parent":6261,"menu_order":0,"comment_status":"closed","ping_status":"closed","template":"","meta":{"footnotes":""},"class_list":["post-218308","page","type-page","status-publish","hentry"],"_links":{"self":[{"href":"https:\/\/staging.laboklin.com\/labogen\/labogen_wp\/index.php\/wp-json\/wp\/v2\/pages\/218308","targetHints":{"allow":["GET"]}}],"collection":[{"href":"https:\/\/staging.laboklin.com\/labogen\/labogen_wp\/index.php\/wp-json\/wp\/v2\/pages"}],"about":[{"href":"https:\/\/staging.laboklin.com\/labogen\/labogen_wp\/index.php\/wp-json\/wp\/v2\/types\/page"}],"author":[{"embeddable":true,"href":"https:\/\/staging.laboklin.com\/labogen\/labogen_wp\/index.php\/wp-json\/wp\/v2\/users\/1"}],"replies":[{"embeddable":true,"href":"https:\/\/staging.laboklin.com\/labogen\/labogen_wp\/index.php\/wp-json\/wp\/v2\/comments?post=218308"}],"version-history":[{"count":0,"href":"https:\/\/staging.laboklin.com\/labogen\/labogen_wp\/index.php\/wp-json\/wp\/v2\/pages\/218308\/revisions"}],"up":[{"embeddable":true,"href":"https:\/\/staging.laboklin.com\/labogen\/labogen_wp\/index.php\/wp-json\/wp\/v2\/pages\/6261"}],"wp:attachment":[{"href":"https:\/\/staging.laboklin.com\/labogen\/labogen_wp\/index.php\/wp-json\/wp\/v2\/media?parent=218308"}],"curies":[{"name":"wp","href":"https:\/\/api.w.org\/{rel}","templated":true}]}}