{"id":218302,"date":"2024-09-12T07:23:49","date_gmt":"2024-09-12T05:23:49","guid":{"rendered":"http:\/\/staging.laboklin.com\/labogen\/labogen_wp\/vitamin-d-abhaengige-rachitis-vdr"},"modified":"2024-09-12T07:23:49","modified_gmt":"2024-09-12T05:23:49","slug":"vitamin-d-abhaengige-rachitis-vdr","status":"publish","type":"page","link":"https:\/\/staging.laboklin.com\/labogen\/labogen_wp\/index.php\/erbkrankheiten-hund\/vitamin-d-abhaengige-rachitis-vdr\/","title":{"rendered":"Vitamin-D abh\u00e4ngige Rachitis (VDR)"},"content":{"rendered":"<div class=\"wrap-top\"><div class=\"wrap-left\"><h1 class=\"header-1\">Vitamin-D abh\u00e4ngige Rachitis (VDR)<\/h1><h4><strong>General description<\/strong><\/h4><p class=\"bodytext\">Die erbliche Form der Vitamin-D-abh\u00e4ngigen Rachitis vom Typ II wird von einem Defekt im Vitamin-D-Rezeptor-Gen ausgel\u00f6st. Infolge dessen kann Kalzium im Darm nicht mehr aufgenommen werden, was w\u00e4hrend der Wachstumsphase im jungen Alter zu Fehlbildungen im Knochenbau und Hypomineralisierung der Knochensubstanz f\u00fchrt.<\/p><h4 class=\"header-4\"><strong><span>Breeds<\/span><\/strong><\/h4><p>Pomsky, Zwergspitz<\/p><\/div><div class=\"wrap-right\"><div class=\"wrap-toggle\"><div class=\"toggle-details\"><details><summary class=\"summary-details\">Order details<\/summary><table border=\"0\"><tr><td width=\"45%\"><span><strong>Test number<\/strong><\/span><\/td><td>8302<\/td><\/tr><tr><td><strong>Abbreviation<\/strong><\/td><td>VDR<\/td><\/tr><tr><td><strong>Sample material<\/strong><\/td><td>0,5 ml EDTA Blut, 2x Backenabstrich, 1x Spezialabstrich (eNAT)<\/td><\/tr><tr><td><strong>Test duration<\/strong><\/td><td>7-14 Werktage<\/td><\/tr><\/table><\/details><details><summary class=\"summary-specs\">Test specifications<\/summary><table border=\"0\"><tr><td width=\"45%\"><strong>Symptom complex<\/strong><\/td><td>skeletal<\/td><\/tr><tr><td width=\"45%\"><strong>Inheritance<\/strong><\/td><td>autosomal-rezessiv<\/td><\/tr><tr><td width=\"45%\"><strong>Causality<\/strong><\/td><td>urs\u00e4chlich<\/td><\/tr><tr><td width=\"45%\"><strong>Gene<\/strong><\/td><td>VDR<\/td><\/tr><tr><td width=\"45%\"><strong>Mutation<\/strong><\/td><td>DEL<\/td><\/tr><tr><td width=\"45%\"><strong>Literature<\/strong><\/td><td><a href='https:\/\/www.omia.org\/OMIA001431\/9615\/' target='_blank'>OMIA:001431-9615<\/a><\/td><\/tr><\/table><\/details><\/div><div class=\"order-now\"><strong><a href=\"https:\/\/shop.labogen.com\">Order now ...<\/a><\/strong><\/div><\/div><\/div><div class=\"clear-both\"><\/div><\/div><div class=\"wrap-detailed\"><details><summary class=\"detail-summary\">Detailed description<\/summary><p class=\"detailed\">Wie der Name Vitamin-D-abh\u00e4ngigen Rachitis  bereits sagt, ist bei dieser Erbkrankheit das Vitamin-D-Rezeptor-Gen VDR defekt. Dadurch kann kein Kalzium aus der Nahrung \u00fcber den Darm mehr aufgenommen (resorbiert) werden. Da Kalzium ein wichtiger Baustein f\u00fcr ein gesundes Knochenwachstum ist, kommt es bei einem Mangel bei Hunden im Wachstum zu einer Fehlbildung des Knochenbaus sowie zu zu gering mineralisierten Knochen. Au\u00dferdem kann auch eine Haarlosigkeit (Alopezie) auftreten.<\/p><\/details>\n","protected":false},"excerpt":{"rendered":"","protected":false},"author":1,"featured_media":0,"parent":6261,"menu_order":0,"comment_status":"closed","ping_status":"closed","template":"","meta":{"footnotes":""},"class_list":["post-218302","page","type-page","status-publish","hentry"],"_links":{"self":[{"href":"https:\/\/staging.laboklin.com\/labogen\/labogen_wp\/index.php\/wp-json\/wp\/v2\/pages\/218302","targetHints":{"allow":["GET"]}}],"collection":[{"href":"https:\/\/staging.laboklin.com\/labogen\/labogen_wp\/index.php\/wp-json\/wp\/v2\/pages"}],"about":[{"href":"https:\/\/staging.laboklin.com\/labogen\/labogen_wp\/index.php\/wp-json\/wp\/v2\/types\/page"}],"author":[{"embeddable":true,"href":"https:\/\/staging.laboklin.com\/labogen\/labogen_wp\/index.php\/wp-json\/wp\/v2\/users\/1"}],"replies":[{"embeddable":true,"href":"https:\/\/staging.laboklin.com\/labogen\/labogen_wp\/index.php\/wp-json\/wp\/v2\/comments?post=218302"}],"version-history":[{"count":0,"href":"https:\/\/staging.laboklin.com\/labogen\/labogen_wp\/index.php\/wp-json\/wp\/v2\/pages\/218302\/revisions"}],"up":[{"embeddable":true,"href":"https:\/\/staging.laboklin.com\/labogen\/labogen_wp\/index.php\/wp-json\/wp\/v2\/pages\/6261"}],"wp:attachment":[{"href":"https:\/\/staging.laboklin.com\/labogen\/labogen_wp\/index.php\/wp-json\/wp\/v2\/media?parent=218302"}],"curies":[{"name":"wp","href":"https:\/\/api.w.org\/{rel}","templated":true}]}}