{"id":218217,"date":"2024-09-12T07:23:48","date_gmt":"2024-09-12T05:23:48","guid":{"rendered":"http:\/\/staging.laboklin.com\/labogen\/labogen_wp\/makrothrombozytopenie-typ-b"},"modified":"2024-09-12T07:23:48","modified_gmt":"2024-09-12T05:23:48","slug":"makrothrombozytopenie-typ-b","status":"publish","type":"page","link":"https:\/\/staging.laboklin.com\/labogen\/labogen_wp\/index.php\/erbkrankheiten-hund\/makrothrombozytopenie-typ-b\/","title":{"rendered":"Makrothrombozytopenie Typ B"},"content":{"rendered":"<div class=\"wrap-top\"><div class=\"wrap-left\"><h1 class=\"header-1\">Makrothrombozytopenie <\/h1><h4><strong>General description<\/strong><\/h4><p class=\"bodytext\">Makrothrombozytopenie (MTC) ist eine erbliche St\u00f6rung der Bildung von Blutpl\u00e4ttchen (Thrombozyten), die wichtiger Baustein der Blutgerinnung sind. Betroffene Hunde haben zu wenig Blutpl\u00e4ttchen, neigen aber nicht zu Blutungen. Es besteht die Gefahr der Fehlbehandlung, da eine Verringerung der Thrombozytenanzahl auch durch Infektionen, Medikamente oder Immunreaktionen ausgel\u00f6st werden kann. Da die Gabe von Antibiotika oder Steroiden bei der erblichen Makrothrombozytopenie kontraindiziert ist, sollte der Gentest als wichtiges Mittel zur Differenzialdiagnose eingesetzt werden.<\/p><h4 class=\"header-4\"><strong><span>Breeds<\/span><\/strong><\/h4><p>American Cocker Spaniel, Australian-Labradoodle (Cobberdog), Bichon Fris\u00e9, Cairn Terrier, Cavalier King Charles Spaniel, Cavapoo, Chihuahua, Cockapoo, Deutscher Boxer, English Cocker Spaniel, Goldendoodle, Havaneser, Jack Russell Terrier, King Charles Spaniel, Labradoodle, Labrador Retriever, Malteser, Maltipoo, Norfolk Terrier, Parson Russell Terrier, Pudel, Shih Tzu, Toy Pudel, Zwergpudel<\/p><\/div><div class=\"wrap-right\"><div class=\"wrap-toggle\"><div class=\"toggle-details\"><details><summary class=\"summary-details\">Order details<\/summary><table border=\"0\"><tr><td width=\"45%\"><span><strong>Test number<\/strong><\/span><\/td><td>8217<\/td><\/tr><tr><td><strong>Sample material<\/strong><\/td><td>0,5 ml EDTA Blut, 2x Backenabstrich, 1x Spezialabstrich (eNAT)<\/td><\/tr><tr><td><strong>Test duration<\/strong><\/td><td>7-14 Werktage<\/td><\/tr><\/table><\/details><details><summary class=\"summary-specs\">Test specifications<\/summary><table border=\"0\"><\/table><\/details><\/div><div class=\"order-now\"><strong><a href=\"https:\/\/shop.labogen.com\">Order now ...<\/a><\/strong><\/div><\/div><\/div><div class=\"clear-both\"><\/div><\/div><div class=\"wrap-detailed\"><details><summary class=\"detail-summary\">Detailed description<\/summary><p class=\"detailed\">Die Makrothrombozytopenie (MTC) ist eine erblich bedingte (kongenitale) St\u00f6rung der Bildung von Blutpl\u00e4ttchen (Thrombozyten), die an der Blutgerinnung beteiligt sind. Das Anzeichen f\u00fcr eine erbliche MTC ist eine verringerte Anzahl von Thrombozyten (Thrombozytopenie). Zudem sind viele der noch vorhandenen Blutpl\u00e4ttchen vergr\u00f6\u00dfert. Als Ursache wurden zwei Genmutationen im \u00df1-Tubulin Gen identifiziert.  Betroffene Hunde neigen zwar nicht zu Blutungen, es besteht aber die Gefahr der Fehlbehandlung, da die oben genannten Anzeichen auch auf eine erworbene Thrombozytopenie hindeuten k\u00f6nnen, wie sie beispielsweise durch Infektionen, Medikamente oder Immunreaktionen ausgel\u00f6st werden kann. Der genetische Test ist daher ein wichtiges Mittel zur Differenzialdiagnostik, da eine Gabe von Antibiotika oder Kortikosteroiden zur Behandlung einer erblichen Makrothrombozytopenie nicht zielf\u00fchrend ist.<\/p><\/details>\n","protected":false},"excerpt":{"rendered":"","protected":false},"author":1,"featured_media":0,"parent":6261,"menu_order":0,"comment_status":"closed","ping_status":"closed","template":"","meta":{"footnotes":""},"class_list":["post-218217","page","type-page","status-publish","hentry"],"_links":{"self":[{"href":"https:\/\/staging.laboklin.com\/labogen\/labogen_wp\/index.php\/wp-json\/wp\/v2\/pages\/218217","targetHints":{"allow":["GET"]}}],"collection":[{"href":"https:\/\/staging.laboklin.com\/labogen\/labogen_wp\/index.php\/wp-json\/wp\/v2\/pages"}],"about":[{"href":"https:\/\/staging.laboklin.com\/labogen\/labogen_wp\/index.php\/wp-json\/wp\/v2\/types\/page"}],"author":[{"embeddable":true,"href":"https:\/\/staging.laboklin.com\/labogen\/labogen_wp\/index.php\/wp-json\/wp\/v2\/users\/1"}],"replies":[{"embeddable":true,"href":"https:\/\/staging.laboklin.com\/labogen\/labogen_wp\/index.php\/wp-json\/wp\/v2\/comments?post=218217"}],"version-history":[{"count":0,"href":"https:\/\/staging.laboklin.com\/labogen\/labogen_wp\/index.php\/wp-json\/wp\/v2\/pages\/218217\/revisions"}],"up":[{"embeddable":true,"href":"https:\/\/staging.laboklin.com\/labogen\/labogen_wp\/index.php\/wp-json\/wp\/v2\/pages\/6261"}],"wp:attachment":[{"href":"https:\/\/staging.laboklin.com\/labogen\/labogen_wp\/index.php\/wp-json\/wp\/v2\/media?parent=218217"}],"curies":[{"name":"wp","href":"https:\/\/api.w.org\/{rel}","templated":true}]}}