{"id":218202,"date":"2024-09-12T07:23:48","date_gmt":"2024-09-12T05:23:48","guid":{"rendered":"http:\/\/staging.laboklin.com\/labogen\/labogen_wp\/episodic-falling-ef"},"modified":"2024-09-12T07:23:48","modified_gmt":"2024-09-12T05:23:48","slug":"episodic-falling-ef","status":"publish","type":"page","link":"https:\/\/staging.laboklin.com\/labogen\/labogen_wp\/index.php\/erbkrankheiten-hund\/episodic-falling-ef\/","title":{"rendered":"Episodic falling (EF)"},"content":{"rendered":"<div class=\"wrap-top\"><div class=\"wrap-left\"><h1 class=\"header-1\">Episodic falling (EF)<\/h1><h4><strong>General description<\/strong><\/h4><p class=\"bodytext\">Episodic Falling ist charakterisiert durch Anf\u00e4lle, in deren Verlauf es zur Steifheit der Beine, einem typischen Pirschgang bis hin zum Kollaps kommt. Diese Anf\u00e4lle werden von Anstrengung, Stress oder Aufregung ausgel\u00f6st. Die klinischen Symptome variieren in ihrer Schwere. Erste Anf\u00e4lle treten im Alter zwischen 14 Wochen und 4 Jahren auf.<\/p><h4 class=\"header-4\"><strong><span>Breeds<\/span><\/strong><\/h4><p>Cavalier King Charles Spaniel, Cavapoo, King Charles Spaniel<\/p><\/div><div class=\"wrap-right\"><div class=\"wrap-toggle\"><div class=\"toggle-details\"><details><summary class=\"summary-details\">Order details<\/summary><table border=\"0\"><tr><td width=\"45%\"><span><strong>Test number<\/strong><\/span><\/td><td>8202<\/td><\/tr><tr><td><strong>Abbreviation<\/strong><\/td><td>EF<\/td><\/tr><tr><td><strong>Sample material<\/strong><\/td><td>0,5 ml EDTA Blut, 2x Backenabstrich, 1x Spezialabstrich (eNAT)<\/td><\/tr><tr><td><strong>Test duration<\/strong><\/td><td>7-14 Werktage<\/td><\/tr><\/table><\/details><details><summary class=\"summary-specs\">Test specifications<\/summary><table border=\"0\"><tr><td width=\"45%\"><strong>Symptom complex<\/strong><\/td><td>neurologisch<\/td><\/tr><tr><td width=\"45%\"><strong>Inheritance<\/strong><\/td><td>autosomal-rezessiv<\/td><\/tr><tr><td width=\"45%\"><strong>Age of onset<\/strong><\/td><td>14 Wochen - 4 Jahre <\/td><\/tr><tr><td width=\"45%\"><strong>Causality<\/strong><\/td><td>urs\u00e4chlich<\/td><\/tr><tr><td width=\"45%\"><strong>Gene<\/strong><\/td><td>BCAN<\/td><\/tr><tr><td width=\"45%\"><strong>Mutation<\/strong><\/td><td>COMPLEX<\/td><\/tr><tr><td width=\"45%\"><strong>Literature<\/strong><\/td><td><a href='https:\/\/www.omia.org\/OMIA001592\/9615\/' target='_blank'>OMIA:001592-9615<\/a><\/td><\/tr><\/table><\/details><\/div><div class=\"order-now\"><strong><a href=\"https:\/\/shop.labogen.com\">Order now ...<\/a><\/strong><\/div><\/div><\/div><div class=\"clear-both\"><\/div><\/div><div class=\"wrap-detailed\"><details><summary class=\"detail-summary\">Detailed description<\/summary><p class=\"detailed\">Eine Erbrankheit beim Cavalier King Charles Spaniel ist das sogenannte Syndrom des Episodic Falling (EF). Die nervale Erkrankung ist durch Anf\u00e4lle gekennzeichnet. W\u00e4hrend dieser werden die  Beine steif (Pirschgang). Ausgel\u00f6st werden die Anf\u00e4lle, die bis zum pl\u00f6tzlichen Schw\u00e4cheanfall (Kollaps, Hinfallen) reichen k\u00f6nnen, durch Anstrengung, Stress oder Aufregung. Die ersten Symptome treten meist im Alter zwischen 14 Wochen und 4 Jahren auf. <\/p><\/details>\n","protected":false},"excerpt":{"rendered":"","protected":false},"author":1,"featured_media":0,"parent":6261,"menu_order":0,"comment_status":"closed","ping_status":"closed","template":"","meta":{"footnotes":""},"class_list":["post-218202","page","type-page","status-publish","hentry"],"_links":{"self":[{"href":"https:\/\/staging.laboklin.com\/labogen\/labogen_wp\/index.php\/wp-json\/wp\/v2\/pages\/218202","targetHints":{"allow":["GET"]}}],"collection":[{"href":"https:\/\/staging.laboklin.com\/labogen\/labogen_wp\/index.php\/wp-json\/wp\/v2\/pages"}],"about":[{"href":"https:\/\/staging.laboklin.com\/labogen\/labogen_wp\/index.php\/wp-json\/wp\/v2\/types\/page"}],"author":[{"embeddable":true,"href":"https:\/\/staging.laboklin.com\/labogen\/labogen_wp\/index.php\/wp-json\/wp\/v2\/users\/1"}],"replies":[{"embeddable":true,"href":"https:\/\/staging.laboklin.com\/labogen\/labogen_wp\/index.php\/wp-json\/wp\/v2\/comments?post=218202"}],"version-history":[{"count":0,"href":"https:\/\/staging.laboklin.com\/labogen\/labogen_wp\/index.php\/wp-json\/wp\/v2\/pages\/218202\/revisions"}],"up":[{"embeddable":true,"href":"https:\/\/staging.laboklin.com\/labogen\/labogen_wp\/index.php\/wp-json\/wp\/v2\/pages\/6261"}],"wp:attachment":[{"href":"https:\/\/staging.laboklin.com\/labogen\/labogen_wp\/index.php\/wp-json\/wp\/v2\/media?parent=218202"}],"curies":[{"name":"wp","href":"https:\/\/api.w.org\/{rel}","templated":true}]}}