{"id":218141,"date":"2024-09-12T07:23:48","date_gmt":"2024-09-12T05:23:48","guid":{"rendered":"http:\/\/staging.laboklin.com\/labogen\/labogen_wp\/praekallikrein-defizienz-klk"},"modified":"2024-09-12T07:23:48","modified_gmt":"2024-09-12T05:23:48","slug":"praekallikrein-defizienz-klk","status":"publish","type":"page","link":"https:\/\/staging.laboklin.com\/labogen\/labogen_wp\/index.php\/erbkrankheiten-hund\/praekallikrein-defizienz-klk\/","title":{"rendered":"Pr\u00e4kallikrein Defizienz (KLK)"},"content":{"rendered":"<div class=\"wrap-top\"><div class=\"wrap-left\"><h1 class=\"header-1\">Pr\u00e4kallikrein Defizienz (KLK)<\/h1><h4><strong>General description<\/strong><\/h4><p class=\"bodytext\">Pr\u00e4kallikrein Defizienz (KLK) ist eine genetisch bedingte Erkrankung, die mit leichter Blutungsneigung beim Shih Tzu in Verbindung gebracht wird. <\/p><h4 class=\"header-4\"><strong><span>Breeds<\/span><\/strong><\/h4><p>Shih Tzu<\/p><\/div><div class=\"wrap-right\"><div class=\"wrap-toggle\"><div class=\"toggle-details\"><details><summary class=\"summary-details\">Order details<\/summary><table border=\"0\"><tr><td width=\"45%\"><span><strong>Test number<\/strong><\/span><\/td><td>8141<\/td><\/tr><tr><td><strong>Abbreviation<\/strong><\/td><td>KLK<\/td><\/tr><tr><td><strong>Sample material<\/strong><\/td><td>0,5 ml EDTA Blut, 2x Backenabstrich, 1x Spezialabstrich (eNAT)<\/td><\/tr><tr><td><strong>Test duration<\/strong><\/td><td>7-14 Werktage<\/td><\/tr><\/table><\/details><details><summary class=\"summary-specs\">Test specifications<\/summary><table border=\"0\"><tr><td width=\"45%\"><strong>Symptom complex<\/strong><\/td><td>h\u00e4matologisch<\/td><\/tr><tr><td width=\"45%\"><strong>Inheritance<\/strong><\/td><td>autosomal-rezessiv<\/td><\/tr><tr><td width=\"45%\"><strong>Causality<\/strong><\/td><td>urs\u00e4chlich<\/td><\/tr><tr><td width=\"45%\"><strong>Gene<\/strong><\/td><td>KLKB1<\/td><\/tr><tr><td width=\"45%\"><strong>Mutation<\/strong><\/td><td>A-T<\/td><\/tr><tr><td width=\"45%\"><strong>Literature<\/strong><\/td><td><a href='https:\/\/www.omia.org\/OMIA000819\/9615\/' target='_blank'>OMIA:000819-9615<\/a><\/td><\/tr><\/table><\/details><\/div><div class=\"order-now\"><strong><a href=\"https:\/\/shop.labogen.com\">Order now ...<\/a><\/strong><\/div><\/div><\/div><div class=\"clear-both\"><\/div><\/div><div class=\"wrap-detailed\"><details><summary class=\"detail-summary\">Detailed description<\/summary><p class=\"detailed\">Im Fall der Pr\u00e4kallikrein-Defizienz (KLK)  kann die vererbte Genmutation, die urs\u00e4chlich beim Shih Tzu festgestellt wurde, in Verbindung mit anderen St\u00f6rungen der Blutgerinnungskaskade zu einer vermehrten Blutungsneigung f\u00fchren. Alleine f\u00fcr sich genommen f\u00fchrt der Ausfall von Pr\u00e4kallein jedoch nicht zu einer verst\u00e4rkten Blutungsneigung.<\/p><\/details>\n","protected":false},"excerpt":{"rendered":"","protected":false},"author":1,"featured_media":0,"parent":6261,"menu_order":0,"comment_status":"closed","ping_status":"closed","template":"","meta":{"footnotes":""},"class_list":["post-218141","page","type-page","status-publish","hentry"],"_links":{"self":[{"href":"https:\/\/staging.laboklin.com\/labogen\/labogen_wp\/index.php\/wp-json\/wp\/v2\/pages\/218141","targetHints":{"allow":["GET"]}}],"collection":[{"href":"https:\/\/staging.laboklin.com\/labogen\/labogen_wp\/index.php\/wp-json\/wp\/v2\/pages"}],"about":[{"href":"https:\/\/staging.laboklin.com\/labogen\/labogen_wp\/index.php\/wp-json\/wp\/v2\/types\/page"}],"author":[{"embeddable":true,"href":"https:\/\/staging.laboklin.com\/labogen\/labogen_wp\/index.php\/wp-json\/wp\/v2\/users\/1"}],"replies":[{"embeddable":true,"href":"https:\/\/staging.laboklin.com\/labogen\/labogen_wp\/index.php\/wp-json\/wp\/v2\/comments?post=218141"}],"version-history":[{"count":0,"href":"https:\/\/staging.laboklin.com\/labogen\/labogen_wp\/index.php\/wp-json\/wp\/v2\/pages\/218141\/revisions"}],"up":[{"embeddable":true,"href":"https:\/\/staging.laboklin.com\/labogen\/labogen_wp\/index.php\/wp-json\/wp\/v2\/pages\/6261"}],"wp:attachment":[{"href":"https:\/\/staging.laboklin.com\/labogen\/labogen_wp\/index.php\/wp-json\/wp\/v2\/media?parent=218141"}],"curies":[{"name":"wp","href":"https:\/\/api.w.org\/{rel}","templated":true}]}}