{"id":218136,"date":"2024-09-12T07:23:46","date_gmt":"2024-09-12T05:23:46","guid":{"rendered":"http:\/\/staging.laboklin.com\/labogen\/labogen_wp\/d-lokus-d1-dilution-farbverduennung"},"modified":"2024-09-12T07:23:46","modified_gmt":"2024-09-12T05:23:46","slug":"d-lokus-d1-dilution-farbverduennung","status":"publish","type":"page","link":"https:\/\/staging.laboklin.com\/labogen\/labogen_wp\/index.php\/farbe-haarlaenge-haarstruktur-hund\/d-lokus-d1-dilution-farbverduennung\/","title":{"rendered":"D-Lokus d1 (Dilution, Farbverd\u00fcnnung)"},"content":{"rendered":"<div class=\"wrap-top\"><div class=\"wrap-left\"><h1 class=\"header-1\">D-Lokus d1 (Dilution, Farbverd\u00fcnnung)<\/h1><h4><strong>General description<\/strong><\/h4><p class=\"bodytext\">Hervorgerufen durch eine Mutation am D-Lokus treten in einigen Hunderassen Tiere mit verd\u00fcnnter, aufgehellter Fellfarbe auf. Der Erbgang ist autosomal-rezessiv, d.h. die Farbverd\u00fcnnung entsteht nur wenn das mutierte Allel homozygot vorliegt. Unter dem Einfluss des defekten Gens kommt es sowohl zur Verd\u00fcnnung von Eumelanin (schwarz\/braun) als auch von Ph\u00e4omelenin (rot\/gelb) gef\u00e4rbtem Fell. In den verschiedenen Hunderassen wird die resultierende Fellf\u00e4rbung unterschiedlich benannt.<\/p><\/div><div class=\"wrap-right\"><div class=\"wrap-toggle\"><div class=\"toggle-details\"><details><summary class=\"summary-details\">Order details<\/summary><table border=\"0\"><tr><td width=\"45%\"><span><strong>Test number<\/strong><\/span><\/td><td>8136<\/td><\/tr><tr><td><strong>Abbreviation<\/strong><\/td><td>d1<\/td><\/tr><tr><td><strong>Sample material<\/strong><\/td><td>0,5 ml EDTA Blut, 2x Backenabstrich, 1x Spezialabstrich (eNAT)<\/td><\/tr><tr><td><strong>Test duration<\/strong><\/td><td>3-5 Werktage<\/td><\/tr><\/table><\/details><details><summary class=\"summary-specs\">Test specifications<\/summary><table border=\"0\"><tr><td width=\"45%\"><strong>Inheritance<\/strong><\/td><td>Allelische Reihe: D dominant \u00fcber d1,  d2 und d3<\/td><\/tr><tr><td width=\"45%\"><strong>Gene<\/strong><\/td><td>MLPH<\/td><\/tr><tr><td width=\"45%\"><strong>Mutation<\/strong><\/td><td>G-A<\/td><\/tr><tr><td width=\"45%\"><strong>Literature<\/strong><\/td><td><a href='https:\/\/www.omia.org\/OMIA000031\/9615\/' target='_blank'>OMIA:000031-9615<\/a><\/td><\/tr><\/table><\/details><\/div><div class=\"order-now\"><strong><a href=\"https:\/\/shop.labogen.com\">Order now ...<\/a><\/strong><\/div><\/div><\/div><div class=\"clear-both\"><\/div><\/div><div class=\"wrap-detailed\"><details><summary class=\"detail-summary\">Detailed description<\/summary><p class=\"detailed\">Bei einigen Hunderassen ruft eine Genmutation am sogenannten D-Lokus eine verd\u00fcnnte oder aufgehellte Grundfarbe hervor. Besitzt ein Hund das mutierte Gen in doppelter Ausf\u00fchrung, ist er also homozygot f\u00fcr diese Eigenschaft, tritt die Farbverd\u00fcnnung sichtbar auf (ph\u00e4notypisch). Unter dem Einfluss des defekten Gens kommt es zur \"Verklumpung\" der Pigmente im Haar, das dann in der Folge heller erscheint. Davon sind die Pigmente Eumelanin und Ph\u00e4omelanin betroffen. Die durch diese Pigmentverklumpung entstehende Fellf\u00e4rbung wird bei den einzelnen Rassen unterschiedlich benannt, z.B. Lilac, Silber, Isabella, Pink, Champagner, Creme usw. Mit der Farbverd\u00fcnnung eng verkn\u00fcpft sind F\u00e4lle von Haarausfall \u00fcber die sogenannte Colour Dilution Alopezie (CDA). Ein entsprechender genetischer Faktor, der zwischen Tieren mit verd\u00fcnnten Haaren mit und ohne Symptomen einer CDA unterscheidet, ist bislang nicht bekannt. Grunds\u00e4tzlich gilt, dass Bereiche mit kr\u00e4ftigem Eumelanin st\u00e4rker von einer CDA betroffen sind, als hell pigmentierte Fellbereiche. <\/p><\/details>\n","protected":false},"excerpt":{"rendered":"","protected":false},"author":1,"featured_media":0,"parent":10689,"menu_order":0,"comment_status":"closed","ping_status":"closed","template":"","meta":{"footnotes":""},"class_list":["post-218136","page","type-page","status-publish","hentry"],"_links":{"self":[{"href":"https:\/\/staging.laboklin.com\/labogen\/labogen_wp\/index.php\/wp-json\/wp\/v2\/pages\/218136","targetHints":{"allow":["GET"]}}],"collection":[{"href":"https:\/\/staging.laboklin.com\/labogen\/labogen_wp\/index.php\/wp-json\/wp\/v2\/pages"}],"about":[{"href":"https:\/\/staging.laboklin.com\/labogen\/labogen_wp\/index.php\/wp-json\/wp\/v2\/types\/page"}],"author":[{"embeddable":true,"href":"https:\/\/staging.laboklin.com\/labogen\/labogen_wp\/index.php\/wp-json\/wp\/v2\/users\/1"}],"replies":[{"embeddable":true,"href":"https:\/\/staging.laboklin.com\/labogen\/labogen_wp\/index.php\/wp-json\/wp\/v2\/comments?post=218136"}],"version-history":[{"count":0,"href":"https:\/\/staging.laboklin.com\/labogen\/labogen_wp\/index.php\/wp-json\/wp\/v2\/pages\/218136\/revisions"}],"up":[{"embeddable":true,"href":"https:\/\/staging.laboklin.com\/labogen\/labogen_wp\/index.php\/wp-json\/wp\/v2\/pages\/10689"}],"wp:attachment":[{"href":"https:\/\/staging.laboklin.com\/labogen\/labogen_wp\/index.php\/wp-json\/wp\/v2\/media?parent=218136"}],"curies":[{"name":"wp","href":"https:\/\/api.w.org\/{rel}","templated":true}]}}