{"id":218068,"date":"2024-09-12T07:23:48","date_gmt":"2024-09-12T05:23:48","guid":{"rendered":"http:\/\/staging.laboklin.com\/labogen\/labogen_wp\/muskeldystrophie-md"},"modified":"2024-09-12T07:23:48","modified_gmt":"2024-09-12T05:23:48","slug":"muskeldystrophie-md","status":"publish","type":"page","link":"https:\/\/staging.laboklin.com\/labogen\/labogen_wp\/index.php\/erbkrankheiten-hund\/muskeldystrophie-md\/","title":{"rendered":"Muskeldystrophie (MD)"},"content":{"rendered":"<div class=\"wrap-top\"><div class=\"wrap-left\"><h1 class=\"header-1\">Muskeldystrophie (MD)<\/h1><h4><strong>General description<\/strong><\/h4><p class=\"bodytext\">Die Muskeldystrophie (MD) ist eine unwillk\u00fcrliche, progressiv verlaufende Erkrankung. Betroffene Hunde weisen erh\u00f6hte Serum-Kreatinkinase-Werte, Muskelatrophie mit Kr\u00e4mpfen, Fibrosen und Kardiomyopathie auf. Erkrankte Hunde k\u00f6nnen sich nur sehr schwer und langsam bewegen, sie schaffen keine l\u00e4ngeren Strecken zu laufen oder sind oft gar nicht imstande zu laufen.  Bei der Rasse American Staffordshire Terrier wurde eine Variante im COL6A3-Gen identifiziert, die eine angeborene Muskeldystrophie verursacht. Erste Symptome wie fortschreitende Gangst\u00f6rungen und Gelenkkontrakturen machen sich im Alter von 6 Monaten bemerkbar. <\/p><h4 class=\"header-4\"><strong><span>Breeds<\/span><\/strong><\/h4><p>American Staffordshire Terrier, Cavalier King Charles Spaniel, Cavapoo, Golden Retriever, Goldendoodle, Landseer, Norfolk Terrier<\/p><\/div><div class=\"wrap-right\"><div class=\"wrap-toggle\"><div class=\"toggle-details\"><details><summary class=\"summary-details\">Order details<\/summary><table border=\"0\"><tr><td width=\"45%\"><span><strong>Test number<\/strong><\/span><\/td><td>8068<\/td><\/tr><tr><td><strong>Sample material<\/strong><\/td><td>0,5 ml EDTA Blut, 2x Backenabstrich, 1x Spezialabstrich (eNAT)<\/td><\/tr><tr><td><strong>Test duration<\/strong><\/td><td>7-14 Werktage<\/td><\/tr><\/table><\/details><details><summary class=\"summary-specs\">Test specifications<\/summary><table border=\"0\"><tr><td width=\"45%\"><strong>Inheritance<\/strong><\/td><td>autosomal-rezessiv<\/td><\/tr><\/table><\/details><\/div><div class=\"order-now\"><strong><a href=\"https:\/\/shop.labogen.com\">Order now ...<\/a><\/strong><\/div><\/div><\/div><div class=\"clear-both\"><\/div><\/div><div class=\"wrap-detailed\"><details><summary class=\"detail-summary\">Detailed description<\/summary><p class=\"detailed\">Als Muskeldystrophie (MD) wird ein langsam fortschreitender, erblicher Muskelschwund bezeichnet.  <\/p><\/details>\n","protected":false},"excerpt":{"rendered":"","protected":false},"author":1,"featured_media":0,"parent":6261,"menu_order":0,"comment_status":"closed","ping_status":"closed","template":"","meta":{"footnotes":""},"class_list":["post-218068","page","type-page","status-publish","hentry"],"_links":{"self":[{"href":"https:\/\/staging.laboklin.com\/labogen\/labogen_wp\/index.php\/wp-json\/wp\/v2\/pages\/218068","targetHints":{"allow":["GET"]}}],"collection":[{"href":"https:\/\/staging.laboklin.com\/labogen\/labogen_wp\/index.php\/wp-json\/wp\/v2\/pages"}],"about":[{"href":"https:\/\/staging.laboklin.com\/labogen\/labogen_wp\/index.php\/wp-json\/wp\/v2\/types\/page"}],"author":[{"embeddable":true,"href":"https:\/\/staging.laboklin.com\/labogen\/labogen_wp\/index.php\/wp-json\/wp\/v2\/users\/1"}],"replies":[{"embeddable":true,"href":"https:\/\/staging.laboklin.com\/labogen\/labogen_wp\/index.php\/wp-json\/wp\/v2\/comments?post=218068"}],"version-history":[{"count":0,"href":"https:\/\/staging.laboklin.com\/labogen\/labogen_wp\/index.php\/wp-json\/wp\/v2\/pages\/218068\/revisions"}],"up":[{"embeddable":true,"href":"https:\/\/staging.laboklin.com\/labogen\/labogen_wp\/index.php\/wp-json\/wp\/v2\/pages\/6261"}],"wp:attachment":[{"href":"https:\/\/staging.laboklin.com\/labogen\/labogen_wp\/index.php\/wp-json\/wp\/v2\/media?parent=218068"}],"curies":[{"name":"wp","href":"https:\/\/api.w.org\/{rel}","templated":true}]}}