{"id":218067,"date":"2024-09-12T07:23:48","date_gmt":"2024-09-12T05:23:48","guid":{"rendered":"http:\/\/staging.laboklin.com\/labogen\/labogen_wp\/narkolepsie"},"modified":"2024-09-12T07:23:48","modified_gmt":"2024-09-12T05:23:48","slug":"narkolepsie","status":"publish","type":"page","link":"https:\/\/staging.laboklin.com\/labogen\/labogen_wp\/index.php\/erbkrankheiten-hund\/narkolepsie\/","title":{"rendered":"Narkolepsie"},"content":{"rendered":"<div class=\"wrap-top\"><div class=\"wrap-left\"><h1 class=\"header-1\">Narkolepsie<\/h1><h4><strong>General description<\/strong><\/h4><p class=\"bodytext\">Narkolepsie ist eine neurologische Erkrankung, die sich durch Tagesschl\u00e4frigkeit mit einem unwiderstehlichen Schlafdrang zu v\u00f6llig falschen Zeiten auszeichnet. Das Tier leidet unter Schlafattacken, Kataplexie und Schlafl\u00e4hmung, welche teilweise dem REM-Schlaf \u00e4hnelt.<\/p><h4 class=\"header-4\"><strong><span>Breeds<\/span><\/strong><\/h4><p>Australian-Labradoodle (Cobberdog), Dackel (Dachshund), Dobermann, Kurzhaardackel, Labradoodle, Labrador Retriever, Langhaardackel, Rauhhaardackel<\/p><\/div><div class=\"wrap-right\"><div class=\"wrap-toggle\"><div class=\"toggle-details\"><details><summary class=\"summary-details\">Order details<\/summary><table border=\"0\"><tr><td width=\"45%\"><span><strong>Test number<\/strong><\/span><\/td><td>8067<\/td><\/tr><tr><td><strong>Sample material<\/strong><\/td><td>0,5 ml EDTA Blut, 2x Backenabstrich, 1x Spezialabstrich (eNAT)<\/td><\/tr><tr><td><strong>Test duration<\/strong><\/td><td>7-14 Werktage<\/td><\/tr><\/table><\/details><details><summary class=\"summary-specs\">Test specifications<\/summary><table border=\"0\"><tr><td width=\"45%\"><strong>Inheritance<\/strong><\/td><td>autosomal-rezessiv<\/td><\/tr><\/table><\/details><\/div><div class=\"order-now\"><strong><a href=\"https:\/\/shop.labogen.com\">Order now ...<\/a><\/strong><\/div><\/div><\/div><div class=\"clear-both\"><\/div><\/div><div class=\"wrap-detailed\"><details><summary class=\"detail-summary\">Detailed description<\/summary><p class=\"detailed\">Narkolepsie ist eine erbliche neurologische Erkrankung, die bei den Hunderassen Dackel, Dobermann und Labrador Retriever auftritt. Die Krankheit ist gekennzeichnet durch eine Tagesschl\u00e4frigkeit mit einem exzessiv ausgepr\u00e4gten Schlafdrang zu ungew\u00f6hnlichen Zeiten. Betroffene Tiere zeigen Symptome wie Schlafattacken,  vor\u00fcbergehender Verlust der Muskelspannung (Kataplexie) und Schlafl\u00e4hmung, welche teilweise dem REM-Schlaf \u00e4hnelt. Die Ursache f\u00fcr diese Krankheit ist eine vererbte Genmutation.<\/p><\/details>\n","protected":false},"excerpt":{"rendered":"","protected":false},"author":1,"featured_media":0,"parent":6261,"menu_order":0,"comment_status":"closed","ping_status":"closed","template":"","meta":{"footnotes":""},"class_list":["post-218067","page","type-page","status-publish","hentry"],"_links":{"self":[{"href":"https:\/\/staging.laboklin.com\/labogen\/labogen_wp\/index.php\/wp-json\/wp\/v2\/pages\/218067","targetHints":{"allow":["GET"]}}],"collection":[{"href":"https:\/\/staging.laboklin.com\/labogen\/labogen_wp\/index.php\/wp-json\/wp\/v2\/pages"}],"about":[{"href":"https:\/\/staging.laboklin.com\/labogen\/labogen_wp\/index.php\/wp-json\/wp\/v2\/types\/page"}],"author":[{"embeddable":true,"href":"https:\/\/staging.laboklin.com\/labogen\/labogen_wp\/index.php\/wp-json\/wp\/v2\/users\/1"}],"replies":[{"embeddable":true,"href":"https:\/\/staging.laboklin.com\/labogen\/labogen_wp\/index.php\/wp-json\/wp\/v2\/comments?post=218067"}],"version-history":[{"count":0,"href":"https:\/\/staging.laboklin.com\/labogen\/labogen_wp\/index.php\/wp-json\/wp\/v2\/pages\/218067\/revisions"}],"up":[{"embeddable":true,"href":"https:\/\/staging.laboklin.com\/labogen\/labogen_wp\/index.php\/wp-json\/wp\/v2\/pages\/6261"}],"wp:attachment":[{"href":"https:\/\/staging.laboklin.com\/labogen\/labogen_wp\/index.php\/wp-json\/wp\/v2\/media?parent=218067"}],"curies":[{"name":"wp","href":"https:\/\/api.w.org\/{rel}","templated":true}]}}