{"id":218013,"date":"2024-09-12T07:23:47","date_gmt":"2024-09-12T05:23:47","guid":{"rendered":"http:\/\/staging.laboklin.com\/labogen\/labogen_wp\/cystinurie"},"modified":"2024-09-12T07:23:47","modified_gmt":"2024-09-12T05:23:47","slug":"cystinurie","status":"publish","type":"page","link":"https:\/\/staging.laboklin.com\/labogen\/labogen_wp\/index.php\/erbkrankheiten-hund\/cystinurie\/","title":{"rendered":"Cystinurie"},"content":{"rendered":"<div class=\"wrap-top\"><div class=\"wrap-left\"><h1 class=\"header-1\">Cystinurie<\/h1><h4><strong>General description<\/strong><\/h4><p class=\"bodytext\">Die Cystinurie ist eine erbliche Stoffwechselerkrankung mit Transportst\u00f6rung bestimmter Aminos\u00e4uren. Dies f\u00fchrt zur erh\u00f6hten Steinbildung und Ausscheidung \u00fcber die Niere. Die Harnsteine, die die klinischen Symptome verursachen, treten schon im Alter von 4 \u2013 6 Monaten auf.<\/p><h4 class=\"header-4\"><strong><span>Breeds<\/span><\/strong><\/h4><p>Australian Cattle Dog, Australian-Labradoodle (Cobberdog), Continental Bulldog, Englische Bulldogge, Franz\u00f6sische Bulldogge, Labradoodle, Labrador Retriever, Landseer, Mastiff, Neufundl\u00e4nder, Olde English Bulldogge, Zwergpinscher<\/p><\/div><div class=\"wrap-right\"><div class=\"wrap-toggle\"><div class=\"toggle-details\"><details><summary class=\"summary-details\">Order details<\/summary><table border=\"0\"><tr><td width=\"45%\"><span><strong>Test number<\/strong><\/span><\/td><td>8013<\/td><\/tr><tr><td><strong>Sample material<\/strong><\/td><td>0,5 ml EDTA Blut, 2x Backenabstrich, 1x Spezialabstrich (eNAT)<\/td><\/tr><tr><td><strong>Test duration<\/strong><\/td><td>3-5 Werktage<\/td><\/tr><\/table><\/details><details><summary class=\"summary-specs\">Test specifications<\/summary><table border=\"0\"><tr><td width=\"45%\"><strong>Inheritance<\/strong><\/td><td>autosomal-rezessiv<\/td><\/tr><\/table><\/details><\/div><div class=\"order-now\"><strong><a href=\"https:\/\/shop.labogen.com\">Order now ...<\/a><\/strong><\/div><\/div><\/div><div class=\"clear-both\"><\/div><\/div><div class=\"wrap-detailed\"><details><summary class=\"detail-summary\">Detailed description<\/summary><p class=\"detailed\">Die Cystinurie ist eine erbliche Stoffwechselerkrankung mit Transportst\u00f6rung bestimmter Aminos\u00e4uren im Darmepithel und proximalen Nierentubulus. Folge der Transportst\u00f6rung ist eine erh\u00f6hte Ausscheidung der Aminos\u00e4ure Cystin \u00fcber den Urin. Aufgrund der Akkumulation von Cystin in hohen Konzentrationen im Harn und seiner schlechten Wasserl\u00f6slichkeit kristallisiert Cystin aus und es bilden sich Steine. Die Harnsteine, die die klinischen Symptome verursachen, treten schon im Alter von 4 \u2013 6 Monaten auf. Dabei kann es zu einem lebensbedrohlichen Verschluss der Harnwege kommen. <\/p><\/details>\n","protected":false},"excerpt":{"rendered":"","protected":false},"author":1,"featured_media":0,"parent":6261,"menu_order":0,"comment_status":"closed","ping_status":"closed","template":"","meta":{"footnotes":""},"class_list":["post-218013","page","type-page","status-publish","hentry"],"_links":{"self":[{"href":"https:\/\/staging.laboklin.com\/labogen\/labogen_wp\/index.php\/wp-json\/wp\/v2\/pages\/218013","targetHints":{"allow":["GET"]}}],"collection":[{"href":"https:\/\/staging.laboklin.com\/labogen\/labogen_wp\/index.php\/wp-json\/wp\/v2\/pages"}],"about":[{"href":"https:\/\/staging.laboklin.com\/labogen\/labogen_wp\/index.php\/wp-json\/wp\/v2\/types\/page"}],"author":[{"embeddable":true,"href":"https:\/\/staging.laboklin.com\/labogen\/labogen_wp\/index.php\/wp-json\/wp\/v2\/users\/1"}],"replies":[{"embeddable":true,"href":"https:\/\/staging.laboklin.com\/labogen\/labogen_wp\/index.php\/wp-json\/wp\/v2\/comments?post=218013"}],"version-history":[{"count":0,"href":"https:\/\/staging.laboklin.com\/labogen\/labogen_wp\/index.php\/wp-json\/wp\/v2\/pages\/218013\/revisions"}],"up":[{"embeddable":true,"href":"https:\/\/staging.laboklin.com\/labogen\/labogen_wp\/index.php\/wp-json\/wp\/v2\/pages\/6261"}],"wp:attachment":[{"href":"https:\/\/staging.laboklin.com\/labogen\/labogen_wp\/index.php\/wp-json\/wp\/v2\/media?parent=218013"}],"curies":[{"name":"wp","href":"https:\/\/api.w.org\/{rel}","templated":true}]}}