{"id":10676,"date":"2024-08-05T10:33:33","date_gmt":"2024-08-05T08:33:33","guid":{"rendered":"https:\/\/staging.laboklin.com\/labogen\/labogen_wp\/?page_id=10676"},"modified":"2024-08-29T11:34:33","modified_gmt":"2024-08-29T09:34:33","slug":"pakete-testkombinationen","status":"publish","type":"page","link":"https:\/\/staging.laboklin.com\/labogen\/labogen_wp\/index.php\/pakete-testkombinationen\/","title":{"rendered":"Pakete (Testkombinationen)"},"content":{"rendered":"\t\t<div data-elementor-type=\"wp-page\" data-elementor-id=\"10676\" class=\"elementor elementor-10676\">\n\t\t\t\t<div class=\"elementor-element elementor-element-f6469d9 e-grid e-con-boxed e-con e-parent\" data-id=\"f6469d9\" data-element_type=\"container\">\n\t\t\t\t\t<div class=\"e-con-inner\">\n\t\t\t\t<div class=\"elementor-element elementor-element-7eeabc7 elementor-widget elementor-widget-ifeaturedbox\" data-id=\"7eeabc7\" data-element_type=\"widget\" data-widget_type=\"ifeaturedbox.default\">\n\t\t\t\t<div class=\"elementor-widget-container\">\n\t\t\t\r\n\t\t<div class=\"ot-features-box\">\r\n\t\t\t<div class=\"features-image\" id=\"animated-thumbnials\">\r\n\t\t\t\t<a href=\"\/index.php\/pakete-testkombinationen-hund\/\">\t\t\t\t\t\t\t\t\t<span class=\"overlay flex-middle\"><i class=\"ot-flaticon-add\"><\/i><\/span>\r\n\t\t\t\t\t<img fetchpriority=\"high\" decoding=\"async\" width=\"500\" height=\"500\" src=\"https:\/\/staging.laboklin.com\/labogen\/labogen_wp\/wp-content\/uploads\/2024\/08\/2024_ICONS_Website_Dog5.jpg\" class=\"attachment-full size-full wp-image-13272\" alt=\"\" srcset=\"https:\/\/staging.laboklin.com\/labogen\/labogen_wp\/wp-content\/uploads\/2024\/08\/2024_ICONS_Website_Dog5.jpg 500w, https:\/\/staging.laboklin.com\/labogen\/labogen_wp\/wp-content\/uploads\/2024\/08\/2024_ICONS_Website_Dog5-300x300.jpg 300w, https:\/\/staging.laboklin.com\/labogen\/labogen_wp\/wp-content\/uploads\/2024\/08\/2024_ICONS_Website_Dog5-150x150.jpg 150w\" sizes=\"(max-width: 500px) 100vw, 500px\" \/>\t\t\t\t\t\t\t\t<\/a>\t\t\t\t\r\n\t\t\t<\/div>\r\n\t\t\t\t\t\t<div class=\"features-content\">\r\n\t\t\t\t<h6 class=\"features-box-title\"><a ><span>Pakete <\/span> Testkombinationen<\/a><\/h6>\t\t\t<\/div>\r\n\t\t\t\t    <\/div>\r\n\r\n\t    \t\t<\/div>\n\t\t\t\t<\/div>\n\t\t\t\t<div class=\"elementor-element elementor-element-dff112a elementor-widget elementor-widget-ifeaturedbox\" data-id=\"dff112a\" data-element_type=\"widget\" data-widget_type=\"ifeaturedbox.default\">\n\t\t\t\t<div class=\"elementor-widget-container\">\n\t\t\t\r\n\t\t<div class=\"ot-features-box\">\r\n\t\t\t<div class=\"features-image\" id=\"animated-thumbnials\">\r\n\t\t\t\t<a href=\"\/index.php\/pakete-testkombinationen-katze\/\">\t\t\t\t\t\t\t\t\t<span class=\"overlay flex-middle\"><i class=\"ot-flaticon-add\"><\/i><\/span>\r\n\t\t\t\t\t<img decoding=\"async\" width=\"500\" height=\"500\" src=\"https:\/\/staging.laboklin.com\/labogen\/labogen_wp\/wp-content\/uploads\/2024\/08\/2024_ICONS_Website_Cat5.jpg\" class=\"attachment-full size-full wp-image-13264\" alt=\"\" srcset=\"https:\/\/staging.laboklin.com\/labogen\/labogen_wp\/wp-content\/uploads\/2024\/08\/2024_ICONS_Website_Cat5.jpg 500w, https:\/\/staging.laboklin.com\/labogen\/labogen_wp\/wp-content\/uploads\/2024\/08\/2024_ICONS_Website_Cat5-300x300.jpg 300w, https:\/\/staging.laboklin.com\/labogen\/labogen_wp\/wp-content\/uploads\/2024\/08\/2024_ICONS_Website_Cat5-150x150.jpg 150w\" sizes=\"(max-width: 500px) 100vw, 500px\" \/>\t\t\t\t\t\t\t\t<\/a>\t\t\t\t\r\n\t\t\t<\/div>\r\n\t\t\t\t\t\t<div class=\"features-content\">\r\n\t\t\t\t<h6 class=\"features-box-title\"><a ><span>Pakete<\/span> Testkombinationen<\/a><\/h6>\t\t\t<\/div>\r\n\t\t\t\t    <\/div>\r\n\r\n\t    \t\t<\/div>\n\t\t\t\t<\/div>\n\t\t\t\t<div class=\"elementor-element elementor-element-fb8fd0b elementor-widget elementor-widget-ifeaturedbox\" data-id=\"fb8fd0b\" data-element_type=\"widget\" data-widget_type=\"ifeaturedbox.default\">\n\t\t\t\t<div class=\"elementor-widget-container\">\n\t\t\t\r\n\t\t<div class=\"ot-features-box\">\r\n\t\t\t<div class=\"features-image\" id=\"animated-thumbnials\">\r\n\t\t\t\t<a href=\"\/index.php\/pakete-testkombinationen-pferd\/\">\t\t\t\t\t\t\t\t\t<span class=\"overlay flex-middle\"><i class=\"ot-flaticon-add\"><\/i><\/span>\r\n\t\t\t\t\t<img decoding=\"async\" width=\"500\" height=\"500\" src=\"https:\/\/staging.laboklin.com\/labogen\/labogen_wp\/wp-content\/uploads\/2024\/08\/2024_ICONS_Website_Horse5.jpg\" class=\"attachment-full size-full wp-image-13290\" alt=\"\" srcset=\"https:\/\/staging.laboklin.com\/labogen\/labogen_wp\/wp-content\/uploads\/2024\/08\/2024_ICONS_Website_Horse5.jpg 500w, https:\/\/staging.laboklin.com\/labogen\/labogen_wp\/wp-content\/uploads\/2024\/08\/2024_ICONS_Website_Horse5-300x300.jpg 300w, https:\/\/staging.laboklin.com\/labogen\/labogen_wp\/wp-content\/uploads\/2024\/08\/2024_ICONS_Website_Horse5-150x150.jpg 150w\" sizes=\"(max-width: 500px) 100vw, 500px\" \/>\t\t\t\t\t\t\t\t<\/a>\t\t\t\t\r\n\t\t\t<\/div>\r\n\t\t\t\t\t\t<div class=\"features-content\">\r\n\t\t\t\t<h6 class=\"features-box-title\"><a ><span>Pakete <\/span> Testkombinationen<\/a><\/h6>\t\t\t<\/div>\r\n\t\t\t\t    <\/div>\r\n\r\n\t    \t\t<\/div>\n\t\t\t\t<\/div>\n\t\t\t\t\t<\/div>\n\t\t\t\t<\/div>\n\t\t<div class=\"elementor-element elementor-element-3d513b8 e-flex e-con-boxed e-con e-parent\" data-id=\"3d513b8\" data-element_type=\"container\">\n\t\t\t\t\t<div class=\"e-con-inner\">\n\t\t\t\t<div class=\"elementor-element elementor-element-cc3e2be elementor-widget elementor-widget-text-editor\" data-id=\"cc3e2be\" data-element_type=\"widget\" data-widget_type=\"text-editor.default\">\n\t\t\t\t<div class=\"elementor-widget-container\">\n\t\t\t<style>\/*! elementor - v3.23.0 - 05-08-2024 *\/\n.elementor-widget-text-editor.elementor-drop-cap-view-stacked .elementor-drop-cap{background-color:#69727d;color:#fff}.elementor-widget-text-editor.elementor-drop-cap-view-framed .elementor-drop-cap{color:#69727d;border:3px solid;background-color:transparent}.elementor-widget-text-editor:not(.elementor-drop-cap-view-default) .elementor-drop-cap{margin-top:8px}.elementor-widget-text-editor:not(.elementor-drop-cap-view-default) .elementor-drop-cap-letter{width:1em;height:1em}.elementor-widget-text-editor .elementor-drop-cap{float:left;text-align:center;line-height:1;font-size:50px}.elementor-widget-text-editor .elementor-drop-cap-letter{display:inline-block}<\/style>\t\t\t\t<p>Zus\u00e4tzlich zu den <a href=\"\/index.php\/erbkrankeiten\/\"><strong>Einzeltests<\/strong><\/a> bieten wir auch eine Vielzahl an <strong>rassespezifischen Paketen<\/strong> zu Erbkrankheiten und Fellmerkmalen f\u00fcr Hunde, Katzen und Pferde an. Diese Pakete b\u00fcndeln die <strong>relevanten Tests<\/strong> einer <strong>bestimmten Rasse<\/strong>, bieten <strong>attraktive Preisvorteile<\/strong> und erm\u00f6glichen die <strong>kompakte Anforderung<\/strong> mehrerer Erkrankungen und genetischer Merkmale. Die Paketzusammenstellungen werden kontinuierlich an <strong>neue Erkenntnisse<\/strong> <strong>angepasst<\/strong>.\u00a0<\/p><p>Falls Sie einen noch <strong>gr\u00f6\u00dferen \u00dcberblick<\/strong> \u00fcber den genetischen Status Ihres Hundes oder Ihrer Katze erhalten m\u00f6chten, so empfehlen wir Ihnen einen Blick auf unsere Pakete <a href=\"\/index.php\/labogenetics-xxl-hund\/\"><strong>LABOGenetics XXL Hund<\/strong><\/a> und\/oder <a href=\"\/index.php\/labogenetics-xxl-katze\/\"><strong>LABOGenetics XXL Katze<\/strong><\/a> zu werfen. Hier erhalten Sie ein umfangreiches genetisches Screening mit Informationen zu Erbkrankheiten, genetischen Risikofaktoren, Fellfarben und Fellmerkmalen.\u00a0<\/p>\t\t\t\t\t\t<\/div>\n\t\t\t\t<\/div>\n\t\t\t\t\t<\/div>\n\t\t\t\t<\/div>\n\t\t\t\t<\/div>\n\t\t","protected":false},"excerpt":{"rendered":"<p>Pakete Testkombinationen Pakete Testkombinationen Pakete Testkombinationen Zus\u00e4tzlich zu den Einzeltests bieten wir auch eine Vielzahl an rassespezifischen Paketen zu Erbkrankheiten und Fellmerkmalen f\u00fcr Hunde, Katzen und Pferde an. Diese Pakete b\u00fcndeln die relevanten Tests einer bestimmten Rasse, bieten attraktive Preisvorteile und erm\u00f6glichen die kompakte Anforderung mehrerer Erkrankungen und genetischer Merkmale. Die Paketzusammenstellungen werden kontinuierlich an [&hellip;]<\/p>\n","protected":false},"author":5,"featured_media":0,"parent":0,"menu_order":73,"comment_status":"closed","ping_status":"closed","template":"","meta":{"footnotes":""},"class_list":["post-10676","page","type-page","status-publish","hentry"],"_links":{"self":[{"href":"https:\/\/staging.laboklin.com\/labogen\/labogen_wp\/index.php\/wp-json\/wp\/v2\/pages\/10676","targetHints":{"allow":["GET"]}}],"collection":[{"href":"https:\/\/staging.laboklin.com\/labogen\/labogen_wp\/index.php\/wp-json\/wp\/v2\/pages"}],"about":[{"href":"https:\/\/staging.laboklin.com\/labogen\/labogen_wp\/index.php\/wp-json\/wp\/v2\/types\/page"}],"author":[{"embeddable":true,"href":"https:\/\/staging.laboklin.com\/labogen\/labogen_wp\/index.php\/wp-json\/wp\/v2\/users\/5"}],"replies":[{"embeddable":true,"href":"https:\/\/staging.laboklin.com\/labogen\/labogen_wp\/index.php\/wp-json\/wp\/v2\/comments?post=10676"}],"version-history":[{"count":28,"href":"https:\/\/staging.laboklin.com\/labogen\/labogen_wp\/index.php\/wp-json\/wp\/v2\/pages\/10676\/revisions"}],"predecessor-version":[{"id":269899,"href":"https:\/\/staging.laboklin.com\/labogen\/labogen_wp\/index.php\/wp-json\/wp\/v2\/pages\/10676\/revisions\/269899"}],"wp:attachment":[{"href":"https:\/\/staging.laboklin.com\/labogen\/labogen_wp\/index.php\/wp-json\/wp\/v2\/media?parent=10676"}],"curies":[{"name":"wp","href":"https:\/\/api.w.org\/{rel}","templated":true}]}}